{"id":359,"date":"2024-10-02T17:41:48","date_gmt":"2024-10-02T17:41:48","guid":{"rendered":"https:\/\/www.akmensjumti.lv\/?page_id=359"},"modified":"2024-10-03T15:57:45","modified_gmt":"2024-10-03T12:57:45","slug":"ssq-domiz","status":"publish","type":"page","link":"https:\/\/www.akmensjumti.lv\/en\/ssq-domiz\/","title":{"rendered":"SSQ Domiz"},"content":{"rendered":"<div data-elementor-type=\"wp-page\" data-elementor-id=\"359\" class=\"elementor elementor-359\" data-elementor-post-type=\"page\">\n\t\t\t\t<div class=\"elementor-element elementor-element-a24f1f5 e-flex e-con-boxed e-con e-parent\" data-id=\"a24f1f5\" data-element_type=\"container\" data-e-type=\"container\" data-settings=\"{&quot;background_background&quot;:&quot;classic&quot;}\">\n\t\t\t\t\t<div class=\"e-con-inner\">\n\t\t\t\t<div class=\"elementor-element elementor-element-6758fe0 elementor-widget elementor-widget-heading\" data-id=\"6758fe0\" data-element_type=\"widget\" data-e-type=\"widget\" data-widget_type=\"heading.default\">\n\t\t\t\t<div class=\"elementor-widget-container\">\n\t\t\t\t\t<h1 class=\"elementor-heading-title elementor-size-default\">SSQ Domiz<\/h1>\t\t\t\t<\/div>\n\t\t\t\t<\/div>\n\t\t\t\t\t<\/div>\n\t\t\t\t<\/div>\n\t\t<div class=\"elementor-element elementor-element-20e7eda e-flex e-con-boxed e-con e-parent\" data-id=\"20e7eda\" data-element_type=\"container\" data-e-type=\"container\">\n\t\t\t\t\t<div class=\"e-con-inner\">\n\t\t<div class=\"elementor-element elementor-element-bfa295c e-con-full e-flex e-con e-child\" data-id=\"bfa295c\" data-element_type=\"container\" data-e-type=\"container\">\n\t\t<div class=\"elementor-element elementor-element-07f3073 e-con-full e-flex e-con e-child\" data-id=\"07f3073\" data-element_type=\"container\" data-e-type=\"container\">\n\t\t\t\t<div class=\"elementor-element elementor-element-3e8ed70 elementor-widget elementor-widget-text-editor\" data-id=\"3e8ed70\" data-element_type=\"widget\" data-e-type=\"widget\" data-widget_type=\"text-editor.default\">\n\t\t\t\t<div class=\"elementor-widget-container\">\n\t\t\t\t\t\t\t\t\t<p>SSQ Domiz slate is mined and hand split exclusively for SSQ from the Orense region in North-West Spain.<\/p><p>Domiz is a Spanish grey slate rich in blue-grey overtones, coupled with deep bold texture. The\ncolour is completely natural and will not fade even in the harshest weather environment. Domiz natural slates offer a long track record of proven quality and lasting aesthetic beauty.<\/p>\t\t\t\t\t\t\t\t<\/div>\n\t\t\t\t<\/div>\n\t\t\t\t<\/div>\n\t\t<div class=\"elementor-element elementor-element-3a019c0 e-con-full e-flex e-con e-child\" data-id=\"3a019c0\" data-element_type=\"container\" data-e-type=\"container\">\n\t\t\t\t<div class=\"elementor-element elementor-element-8011630 elementor-widget elementor-widget-image\" data-id=\"8011630\" data-element_type=\"widget\" data-e-type=\"widget\" data-widget_type=\"image.default\">\n\t\t\t\t<div class=\"elementor-widget-container\">\n\t\t\t\t\t\t\t\t\t\t\t\t\t\t\t<img decoding=\"async\" width=\"178\" height=\"90\" src=\"https:\/\/www.akmensjumti.lv\/wp-content\/uploads\/2024\/08\/ssq-logo.svg\" class=\"attachment-large size-large wp-image-108\" alt=\"\" \/>\t\t\t\t\t\t\t\t\t\t\t\t\t\t\t<\/div>\n\t\t\t\t<\/div>\n\t\t\t\t<div class=\"elementor-element elementor-element-0b64fd6 elementor-widget elementor-widget-text-editor\" data-id=\"0b64fd6\" data-element_type=\"widget\" data-e-type=\"widget\" data-widget_type=\"text-editor.default\">\n\t\t\t\t<div class=\"elementor-widget-container\">\n\t\t\t\t\t\t\t\t\t<p><a href=\"http:\/\/www.ssqgroup.com\">www.ssqgroup.com<\/a><\/p>\t\t\t\t\t\t\t\t<\/div>\n\t\t\t\t<\/div>\n\t\t\t\t<\/div>\n\t\t\t\t<\/div>\n\t\t\t\t\t<\/div>\n\t\t\t\t<\/div>\n\t\t<div class=\"elementor-element elementor-element-85283fc e-con-full e-flex e-con e-parent\" data-id=\"85283fc\" data-element_type=\"container\" data-e-type=\"container\">\n\t\t\t\t<div class=\"elementor-element elementor-element-e078840 elementor-widget elementor-widget-gallery\" data-id=\"e078840\" data-element_type=\"widget\" data-e-type=\"widget\" data-settings=\"{&quot;columns&quot;:5,&quot;gap&quot;:{&quot;unit&quot;:&quot;px&quot;,&quot;size&quot;:0,&quot;sizes&quot;:[]},&quot;columns_tablet&quot;:3,&quot;columns_mobile&quot;:2,&quot;gap_tablet&quot;:{&quot;unit&quot;:&quot;px&quot;,&quot;size&quot;:5,&quot;sizes&quot;:[]},&quot;gap_mobile&quot;:{&quot;unit&quot;:&quot;px&quot;,&quot;size&quot;:5,&quot;sizes&quot;:[]},&quot;lazyload&quot;:&quot;yes&quot;,&quot;gallery_layout&quot;:&quot;grid&quot;,&quot;link_to&quot;:&quot;file&quot;,&quot;aspect_ratio&quot;:&quot;3:2&quot;,&quot;overlay_background&quot;:&quot;yes&quot;,&quot;content_hover_animation&quot;:&quot;fade-in&quot;}\" data-widget_type=\"gallery.default\">\n\t\t\t\t<div class=\"elementor-widget-container\">\n\t\t\t\t\t\t\t<div class=\"elementor-gallery__container\">\n\t\t\t\t\t\t\t<a class=\"e-gallery-item elementor-gallery-item elementor-animated-content\" href=\"https:\/\/www.akmensjumti.lv\/wp-content\/uploads\/2024\/10\/Domiz-3.jpg\" data-elementor-open-lightbox=\"yes\" data-elementor-lightbox-slideshow=\"e078840\" data-elementor-lightbox-title=\"Domiz-3\" data-e-action-hash=\"#elementor-action%3Aaction%3Dlightbox%26settings%3DeyJpZCI6ODYzLCJ1cmwiOiJodHRwczpcL1wvd3d3LmFrbWVuc2p1bXRpLmx2XC93cC1jb250ZW50XC91cGxvYWRzXC8yMDI0XC8xMFwvRG9taXotMy5qcGciLCJzbGlkZXNob3ciOiJlMDc4ODQwIn0%3D\">\n\t\t\t\t\t<div class=\"e-gallery-image elementor-gallery-item__image\" data-thumbnail=\"https:\/\/www.akmensjumti.lv\/wp-content\/uploads\/2024\/10\/Domiz-3.jpg\" data-width=\"1200\" data-height=\"900\" aria-label=\"\" role=\"img\" ><\/div>\n\t\t\t\t\t\t\t\t\t\t\t<div class=\"elementor-gallery-item__overlay\"><\/div>\n\t\t\t\t\t\t\t\t\t\t\t\t\t\t<\/a>\n\t\t\t\t\t\t\t<a class=\"e-gallery-item elementor-gallery-item elementor-animated-content\" href=\"https:\/\/www.akmensjumti.lv\/wp-content\/uploads\/2024\/10\/Domiz-4.jpg\" data-elementor-open-lightbox=\"yes\" data-elementor-lightbox-slideshow=\"e078840\" data-elementor-lightbox-title=\"Domiz-4\" data-e-action-hash=\"#elementor-action%3Aaction%3Dlightbox%26settings%3DeyJpZCI6ODY0LCJ1cmwiOiJodHRwczpcL1wvd3d3LmFrbWVuc2p1bXRpLmx2XC93cC1jb250ZW50XC91cGxvYWRzXC8yMDI0XC8xMFwvRG9taXotNC5qcGciLCJzbGlkZXNob3ciOiJlMDc4ODQwIn0%3D\">\n\t\t\t\t\t<div class=\"e-gallery-image elementor-gallery-item__image\" data-thumbnail=\"https:\/\/www.akmensjumti.lv\/wp-content\/uploads\/2024\/10\/Domiz-4.jpg\" data-width=\"1200\" data-height=\"900\" aria-label=\"\" role=\"img\" ><\/div>\n\t\t\t\t\t\t\t\t\t\t\t<div class=\"elementor-gallery-item__overlay\"><\/div>\n\t\t\t\t\t\t\t\t\t\t\t\t\t\t<\/a>\n\t\t\t\t\t\t\t<a class=\"e-gallery-item elementor-gallery-item elementor-animated-content\" href=\"https:\/\/www.akmensjumti.lv\/wp-content\/uploads\/2024\/10\/Domiz-5.jpg\" data-elementor-open-lightbox=\"yes\" data-elementor-lightbox-slideshow=\"e078840\" data-elementor-lightbox-title=\"Domiz-5\" data-e-action-hash=\"#elementor-action%3Aaction%3Dlightbox%26settings%3DeyJpZCI6ODY1LCJ1cmwiOiJodHRwczpcL1wvd3d3LmFrbWVuc2p1bXRpLmx2XC93cC1jb250ZW50XC91cGxvYWRzXC8yMDI0XC8xMFwvRG9taXotNS5qcGciLCJzbGlkZXNob3ciOiJlMDc4ODQwIn0%3D\">\n\t\t\t\t\t<div class=\"e-gallery-image elementor-gallery-item__image\" data-thumbnail=\"https:\/\/www.akmensjumti.lv\/wp-content\/uploads\/2024\/10\/Domiz-5.jpg\" data-width=\"1200\" data-height=\"900\" aria-label=\"\" role=\"img\" ><\/div>\n\t\t\t\t\t\t\t\t\t\t\t<div class=\"elementor-gallery-item__overlay\"><\/div>\n\t\t\t\t\t\t\t\t\t\t\t\t\t\t<\/a>\n\t\t\t\t\t\t\t<a class=\"e-gallery-item elementor-gallery-item elementor-animated-content\" href=\"https:\/\/www.akmensjumti.lv\/wp-content\/uploads\/2024\/10\/Domiz-6.jpg\" data-elementor-open-lightbox=\"yes\" data-elementor-lightbox-slideshow=\"e078840\" data-elementor-lightbox-title=\"Domiz-6\" data-e-action-hash=\"#elementor-action%3Aaction%3Dlightbox%26settings%3DeyJpZCI6ODY2LCJ1cmwiOiJodHRwczpcL1wvd3d3LmFrbWVuc2p1bXRpLmx2XC93cC1jb250ZW50XC91cGxvYWRzXC8yMDI0XC8xMFwvRG9taXotNi5qcGciLCJzbGlkZXNob3ciOiJlMDc4ODQwIn0%3D\">\n\t\t\t\t\t<div class=\"e-gallery-image elementor-gallery-item__image\" data-thumbnail=\"https:\/\/www.akmensjumti.lv\/wp-content\/uploads\/2024\/10\/Domiz-6.jpg\" data-width=\"900\" data-height=\"1200\" aria-label=\"\" role=\"img\" ><\/div>\n\t\t\t\t\t\t\t\t\t\t\t<div class=\"elementor-gallery-item__overlay\"><\/div>\n\t\t\t\t\t\t\t\t\t\t\t\t\t\t<\/a>\n\t\t\t\t\t\t\t<a class=\"e-gallery-item elementor-gallery-item elementor-animated-content\" href=\"https:\/\/www.akmensjumti.lv\/wp-content\/uploads\/2024\/10\/Domiz-7.jpg\" data-elementor-open-lightbox=\"yes\" data-elementor-lightbox-slideshow=\"e078840\" data-elementor-lightbox-title=\"Domiz-7\" data-e-action-hash=\"#elementor-action%3Aaction%3Dlightbox%26settings%3DeyJpZCI6ODY3LCJ1cmwiOiJodHRwczpcL1wvd3d3LmFrbWVuc2p1bXRpLmx2XC93cC1jb250ZW50XC91cGxvYWRzXC8yMDI0XC8xMFwvRG9taXotNy5qcGciLCJzbGlkZXNob3ciOiJlMDc4ODQwIn0%3D\">\n\t\t\t\t\t<div class=\"e-gallery-image elementor-gallery-item__image\" data-thumbnail=\"https:\/\/www.akmensjumti.lv\/wp-content\/uploads\/2024\/10\/Domiz-7.jpg\" data-width=\"1200\" data-height=\"900\" aria-label=\"\" role=\"img\" ><\/div>\n\t\t\t\t\t\t\t\t\t\t\t<div class=\"elementor-gallery-item__overlay\"><\/div>\n\t\t\t\t\t\t\t\t\t\t\t\t\t\t<\/a>\n\t\t\t\t\t\t\t<a class=\"e-gallery-item elementor-gallery-item elementor-animated-content\" href=\"https:\/\/www.akmensjumti.lv\/wp-content\/uploads\/2024\/10\/Domiz-8.jpg\" data-elementor-open-lightbox=\"yes\" data-elementor-lightbox-slideshow=\"e078840\" data-elementor-lightbox-title=\"Domiz-8\" data-e-action-hash=\"#elementor-action%3Aaction%3Dlightbox%26settings%3DeyJpZCI6ODY4LCJ1cmwiOiJodHRwczpcL1wvd3d3LmFrbWVuc2p1bXRpLmx2XC93cC1jb250ZW50XC91cGxvYWRzXC8yMDI0XC8xMFwvRG9taXotOC5qcGciLCJzbGlkZXNob3ciOiJlMDc4ODQwIn0%3D\">\n\t\t\t\t\t<div class=\"e-gallery-image elementor-gallery-item__image\" data-thumbnail=\"https:\/\/www.akmensjumti.lv\/wp-content\/uploads\/2024\/10\/Domiz-8.jpg\" data-width=\"1200\" data-height=\"900\" aria-label=\"\" role=\"img\" ><\/div>\n\t\t\t\t\t\t\t\t\t\t\t<div class=\"elementor-gallery-item__overlay\"><\/div>\n\t\t\t\t\t\t\t\t\t\t\t\t\t\t<\/a>\n\t\t\t\t\t\t\t<a class=\"e-gallery-item elementor-gallery-item elementor-animated-content\" href=\"https:\/\/www.akmensjumti.lv\/wp-content\/uploads\/2024\/10\/Domiz-9.jpg\" data-elementor-open-lightbox=\"yes\" data-elementor-lightbox-slideshow=\"e078840\" data-elementor-lightbox-title=\"Domiz-9\" data-e-action-hash=\"#elementor-action%3Aaction%3Dlightbox%26settings%3DeyJpZCI6ODY5LCJ1cmwiOiJodHRwczpcL1wvd3d3LmFrbWVuc2p1bXRpLmx2XC93cC1jb250ZW50XC91cGxvYWRzXC8yMDI0XC8xMFwvRG9taXotOS5qcGciLCJzbGlkZXNob3ciOiJlMDc4ODQwIn0%3D\">\n\t\t\t\t\t<div class=\"e-gallery-image elementor-gallery-item__image\" data-thumbnail=\"https:\/\/www.akmensjumti.lv\/wp-content\/uploads\/2024\/10\/Domiz-9.jpg\" data-width=\"1024\" data-height=\"768\" aria-label=\"\" role=\"img\" ><\/div>\n\t\t\t\t\t\t\t\t\t\t\t<div class=\"elementor-gallery-item__overlay\"><\/div>\n\t\t\t\t\t\t\t\t\t\t\t\t\t\t<\/a>\n\t\t\t\t\t\t\t<a class=\"e-gallery-item elementor-gallery-item elementor-animated-content\" href=\"https:\/\/www.akmensjumti.lv\/wp-content\/uploads\/2024\/10\/Domiz-10.jpg\" data-elementor-open-lightbox=\"yes\" data-elementor-lightbox-slideshow=\"e078840\" data-elementor-lightbox-title=\"Domiz-10\" data-e-action-hash=\"#elementor-action%3Aaction%3Dlightbox%26settings%3DeyJpZCI6ODcwLCJ1cmwiOiJodHRwczpcL1wvd3d3LmFrbWVuc2p1bXRpLmx2XC93cC1jb250ZW50XC91cGxvYWRzXC8yMDI0XC8xMFwvRG9taXotMTAuanBnIiwic2xpZGVzaG93IjoiZTA3ODg0MCJ9\">\n\t\t\t\t\t<div class=\"e-gallery-image elementor-gallery-item__image\" data-thumbnail=\"https:\/\/www.akmensjumti.lv\/wp-content\/uploads\/2024\/10\/Domiz-10.jpg\" data-width=\"1200\" data-height=\"900\" aria-label=\"\" role=\"img\" ><\/div>\n\t\t\t\t\t\t\t\t\t\t\t<div class=\"elementor-gallery-item__overlay\"><\/div>\n\t\t\t\t\t\t\t\t\t\t\t\t\t\t<\/a>\n\t\t\t\t\t\t\t<a class=\"e-gallery-item elementor-gallery-item elementor-animated-content\" href=\"https:\/\/www.akmensjumti.lv\/wp-content\/uploads\/2024\/10\/Domiz-1.jpg\" data-elementor-open-lightbox=\"yes\" data-elementor-lightbox-slideshow=\"e078840\" data-elementor-lightbox-title=\"Domiz-1\" data-e-action-hash=\"#elementor-action%3Aaction%3Dlightbox%26settings%3DeyJpZCI6ODcxLCJ1cmwiOiJodHRwczpcL1wvd3d3LmFrbWVuc2p1bXRpLmx2XC93cC1jb250ZW50XC91cGxvYWRzXC8yMDI0XC8xMFwvRG9taXotMS5qcGciLCJzbGlkZXNob3ciOiJlMDc4ODQwIn0%3D\">\n\t\t\t\t\t<div class=\"e-gallery-image elementor-gallery-item__image\" data-thumbnail=\"https:\/\/www.akmensjumti.lv\/wp-content\/uploads\/2024\/10\/Domiz-1.jpg\" data-width=\"900\" data-height=\"1200\" aria-label=\"\" role=\"img\" ><\/div>\n\t\t\t\t\t\t\t\t\t\t\t<div class=\"elementor-gallery-item__overlay\"><\/div>\n\t\t\t\t\t\t\t\t\t\t\t\t\t\t<\/a>\n\t\t\t\t\t\t\t<a class=\"e-gallery-item elementor-gallery-item elementor-animated-content\" href=\"https:\/\/www.akmensjumti.lv\/wp-content\/uploads\/2024\/10\/Domiz-2.jpg\" data-elementor-open-lightbox=\"yes\" data-elementor-lightbox-slideshow=\"e078840\" data-elementor-lightbox-title=\"Domiz-2\" data-e-action-hash=\"#elementor-action%3Aaction%3Dlightbox%26settings%3DeyJpZCI6ODcyLCJ1cmwiOiJodHRwczpcL1wvd3d3LmFrbWVuc2p1bXRpLmx2XC93cC1jb250ZW50XC91cGxvYWRzXC8yMDI0XC8xMFwvRG9taXotMi5qcGciLCJzbGlkZXNob3ciOiJlMDc4ODQwIn0%3D\">\n\t\t\t\t\t<div class=\"e-gallery-image elementor-gallery-item__image\" data-thumbnail=\"https:\/\/www.akmensjumti.lv\/wp-content\/uploads\/2024\/10\/Domiz-2.jpg\" data-width=\"900\" data-height=\"1200\" aria-label=\"\" role=\"img\" ><\/div>\n\t\t\t\t\t\t\t\t\t\t\t<div class=\"elementor-gallery-item__overlay\"><\/div>\n\t\t\t\t\t\t\t\t\t\t\t\t\t\t<\/a>\n\t\t\t\t\t<\/div>\n\t\t\t\t\t<\/div>\n\t\t\t\t<\/div>\n\t\t\t\t<\/div>\n\t\t\t\t<\/div>","protected":false},"excerpt":{"rendered":"<p>SSQ Domiz Domiz sl\u0101neklis n\u0101k no Orenses re\u0123iona Sp\u0101nij\u0101, kas ir atz\u012bts par vienu no \u0123eolo\u0123iski kvalitat\u012bv\u0101kajiem re\u0123ioniem sl\u0101nek\u013ca ieguv\u0113 un apstr\u0101d\u0113. Domiz ir pel\u0113kais Sp\u0101nijas sl\u0101neklis, ko miner\u0101lu sast\u0101vs bag\u0101tin\u0101jis ar gai\u0161i zilganu nokr\u0101su, tam piem\u012bt kr\u0101\u0161\u0146a tekst\u016bra un vienm\u0113r\u012bgs dab\u012bgais \u0161\u0137\u0113lums. www.ssqgroup.com<\/p>","protected":false},"author":1,"featured_media":0,"parent":0,"menu_order":0,"comment_status":"closed","ping_status":"closed","template":"","meta":{"footnotes":""},"class_list":["post-359","page","type-page","status-publish","hentry"],"yoast_head":"<!-- This site is optimized with the Yoast SEO plugin v27.1.1 - https:\/\/yoast.com\/product\/yoast-seo-wordpress\/ -->\n<title>SSQ Domiz - Akmens Jumti<\/title>\n<meta name=\"robots\" content=\"index, follow, max-snippet:-1, max-image-preview:large, max-video-preview:-1\" \/>\n<link rel=\"canonical\" href=\"https:\/\/www.akmensjumti.lv\/en\/ssq-domiz\/\" \/>\n<meta property=\"og:locale\" content=\"en_GB\" \/>\n<meta property=\"og:type\" content=\"article\" \/>\n<meta property=\"og:title\" content=\"SSQ Domiz - Akmens Jumti\" \/>\n<meta property=\"og:description\" content=\"SSQ Domiz Domiz sl\u0101neklis n\u0101k no Orenses re\u0123iona Sp\u0101nij\u0101, kas ir atz\u012bts par vienu no \u0123eolo\u0123iski kvalitat\u012bv\u0101kajiem re\u0123ioniem sl\u0101nek\u013ca ieguv\u0113 un apstr\u0101d\u0113. Domiz ir pel\u0113kais Sp\u0101nijas sl\u0101neklis, ko miner\u0101lu sast\u0101vs bag\u0101tin\u0101jis ar gai\u0161i zilganu nokr\u0101su, tam piem\u012bt kr\u0101\u0161\u0146a tekst\u016bra un vienm\u0113r\u012bgs dab\u012bgais \u0161\u0137\u0113lums. www.ssqgroup.com\" \/>\n<meta property=\"og:url\" content=\"https:\/\/www.akmensjumti.lv\/en\/ssq-domiz\/\" \/>\n<meta property=\"og:site_name\" content=\"Akmens Jumti\" \/>\n<meta property=\"article:modified_time\" content=\"2024-10-03T12:57:45+00:00\" \/>\n<meta property=\"og:image\" content=\"https:\/\/www.akmensjumti.lv\/wp-content\/uploads\/2024\/08\/ssq-logo.svg\" \/>\n<meta name=\"twitter:card\" content=\"summary_large_image\" \/>\n<script type=\"application\/ld+json\" class=\"yoast-schema-graph\">{\"@context\":\"https:\/\/schema.org\",\"@graph\":[{\"@type\":\"WebPage\",\"@id\":\"https:\/\/www.akmensjumti.lv\/en\/ssq-domiz\/\",\"url\":\"https:\/\/www.akmensjumti.lv\/en\/ssq-domiz\/\",\"name\":\"SSQ Domiz - Akmens Jumti\",\"isPartOf\":{\"@id\":\"https:\/\/www.akmensjumti.lv\/ru\/#website\"},\"primaryImageOfPage\":{\"@id\":\"https:\/\/www.akmensjumti.lv\/en\/ssq-domiz\/#primaryimage\"},\"image\":{\"@id\":\"https:\/\/www.akmensjumti.lv\/en\/ssq-domiz\/#primaryimage\"},\"thumbnailUrl\":\"https:\/\/www.akmensjumti.lv\/wp-content\/uploads\/2024\/08\/ssq-logo.svg\",\"datePublished\":\"2024-10-02T17:41:48+00:00\",\"dateModified\":\"2024-10-03T12:57:45+00:00\",\"breadcrumb\":{\"@id\":\"https:\/\/www.akmensjumti.lv\/en\/ssq-domiz\/#breadcrumb\"},\"inLanguage\":\"en-GB\",\"potentialAction\":[{\"@type\":\"ReadAction\",\"target\":[\"https:\/\/www.akmensjumti.lv\/en\/ssq-domiz\/\"]}]},{\"@type\":\"ImageObject\",\"inLanguage\":\"en-GB\",\"@id\":\"https:\/\/www.akmensjumti.lv\/en\/ssq-domiz\/#primaryimage\",\"url\":\"https:\/\/www.akmensjumti.lv\/wp-content\/uploads\/2024\/08\/ssq-logo.svg\",\"contentUrl\":\"https:\/\/www.akmensjumti.lv\/wp-content\/uploads\/2024\/08\/ssq-logo.svg\"},{\"@type\":\"BreadcrumbList\",\"@id\":\"https:\/\/www.akmensjumti.lv\/en\/ssq-domiz\/#breadcrumb\",\"itemListElement\":[{\"@type\":\"ListItem\",\"position\":1,\"name\":\"Home\",\"item\":\"https:\/\/www.akmensjumti.lv\/\"},{\"@type\":\"ListItem\",\"position\":2,\"name\":\"SSQ Domiz\"}]},{\"@type\":\"WebSite\",\"@id\":\"https:\/\/www.akmensjumti.lv\/ru\/#website\",\"url\":\"https:\/\/www.akmensjumti.lv\/ru\/\",\"name\":\"Akmens Jumti\",\"description\":\"Pla\u0161\u0101kais sl\u0101nek\u013ca asortiments Latvij\u0101!\",\"publisher\":{\"@id\":\"https:\/\/www.akmensjumti.lv\/ru\/#organization\"},\"potentialAction\":[{\"@type\":\"SearchAction\",\"target\":{\"@type\":\"EntryPoint\",\"urlTemplate\":\"https:\/\/www.akmensjumti.lv\/ru\/?s={search_term_string}\"},\"query-input\":{\"@type\":\"PropertyValueSpecification\",\"valueRequired\":true,\"valueName\":\"search_term_string\"}}],\"inLanguage\":\"en-GB\"},{\"@type\":\"Organization\",\"@id\":\"https:\/\/www.akmensjumti.lv\/ru\/#organization\",\"name\":\"Akmens Jumti\",\"url\":\"https:\/\/www.akmensjumti.lv\/ru\/\",\"logo\":{\"@type\":\"ImageObject\",\"inLanguage\":\"en-GB\",\"@id\":\"https:\/\/www.akmensjumti.lv\/ru\/#\/schema\/logo\/image\/\",\"url\":\"https:\/\/www.akmensjumti.lv\/wp-content\/uploads\/2024\/08\/logo-350x100-1.png\",\"contentUrl\":\"https:\/\/www.akmensjumti.lv\/wp-content\/uploads\/2024\/08\/logo-350x100-1.png\",\"width\":135,\"height\":86,\"caption\":\"Akmens Jumti\"},\"image\":{\"@id\":\"https:\/\/www.akmensjumti.lv\/ru\/#\/schema\/logo\/image\/\"}}]}<\/script>\n<!-- \/ Yoast SEO plugin. -->","yoast_head_json":{"title":"SSQ Domiz - Akmens Jumti","robots":{"index":"index","follow":"follow","max-snippet":"max-snippet:-1","max-image-preview":"max-image-preview:large","max-video-preview":"max-video-preview:-1"},"canonical":"https:\/\/www.akmensjumti.lv\/en\/ssq-domiz\/","og_locale":"en_GB","og_type":"article","og_title":"SSQ Domiz - Akmens Jumti","og_description":"SSQ Domiz Domiz sl\u0101neklis n\u0101k no Orenses re\u0123iona Sp\u0101nij\u0101, kas ir atz\u012bts par vienu no \u0123eolo\u0123iski kvalitat\u012bv\u0101kajiem re\u0123ioniem sl\u0101nek\u013ca ieguv\u0113 un apstr\u0101d\u0113. Domiz ir pel\u0113kais Sp\u0101nijas sl\u0101neklis, ko miner\u0101lu sast\u0101vs bag\u0101tin\u0101jis ar gai\u0161i zilganu nokr\u0101su, tam piem\u012bt kr\u0101\u0161\u0146a tekst\u016bra un vienm\u0113r\u012bgs dab\u012bgais \u0161\u0137\u0113lums. www.ssqgroup.com","og_url":"https:\/\/www.akmensjumti.lv\/en\/ssq-domiz\/","og_site_name":"Akmens Jumti","article_modified_time":"2024-10-03T12:57:45+00:00","og_image":[{"url":"https:\/\/www.akmensjumti.lv\/wp-content\/uploads\/2024\/08\/ssq-logo.svg","type":"","width":"","height":""}],"twitter_card":"summary_large_image","schema":{"@context":"https:\/\/schema.org","@graph":[{"@type":"WebPage","@id":"https:\/\/www.akmensjumti.lv\/en\/ssq-domiz\/","url":"https:\/\/www.akmensjumti.lv\/en\/ssq-domiz\/","name":"SSQ Domiz - Akmens Jumti","isPartOf":{"@id":"https:\/\/www.akmensjumti.lv\/ru\/#website"},"primaryImageOfPage":{"@id":"https:\/\/www.akmensjumti.lv\/en\/ssq-domiz\/#primaryimage"},"image":{"@id":"https:\/\/www.akmensjumti.lv\/en\/ssq-domiz\/#primaryimage"},"thumbnailUrl":"https:\/\/www.akmensjumti.lv\/wp-content\/uploads\/2024\/08\/ssq-logo.svg","datePublished":"2024-10-02T17:41:48+00:00","dateModified":"2024-10-03T12:57:45+00:00","breadcrumb":{"@id":"https:\/\/www.akmensjumti.lv\/en\/ssq-domiz\/#breadcrumb"},"inLanguage":"en-GB","potentialAction":[{"@type":"ReadAction","target":["https:\/\/www.akmensjumti.lv\/en\/ssq-domiz\/"]}]},{"@type":"ImageObject","inLanguage":"en-GB","@id":"https:\/\/www.akmensjumti.lv\/en\/ssq-domiz\/#primaryimage","url":"https:\/\/www.akmensjumti.lv\/wp-content\/uploads\/2024\/08\/ssq-logo.svg","contentUrl":"https:\/\/www.akmensjumti.lv\/wp-content\/uploads\/2024\/08\/ssq-logo.svg"},{"@type":"BreadcrumbList","@id":"https:\/\/www.akmensjumti.lv\/en\/ssq-domiz\/#breadcrumb","itemListElement":[{"@type":"ListItem","position":1,"name":"Home","item":"https:\/\/www.akmensjumti.lv\/"},{"@type":"ListItem","position":2,"name":"SSQ Domiz"}]},{"@type":"WebSite","@id":"https:\/\/www.akmensjumti.lv\/ru\/#website","url":"https:\/\/www.akmensjumti.lv\/ru\/","name":"Akmens Jumti","description":"Pla\u0161\u0101kais sl\u0101nek\u013ca asortiments Latvij\u0101!","publisher":{"@id":"https:\/\/www.akmensjumti.lv\/ru\/#organization"},"potentialAction":[{"@type":"SearchAction","target":{"@type":"EntryPoint","urlTemplate":"https:\/\/www.akmensjumti.lv\/ru\/?s={search_term_string}"},"query-input":{"@type":"PropertyValueSpecification","valueRequired":true,"valueName":"search_term_string"}}],"inLanguage":"en-GB"},{"@type":"Organization","@id":"https:\/\/www.akmensjumti.lv\/ru\/#organization","name":"Akmens Jumti","url":"https:\/\/www.akmensjumti.lv\/ru\/","logo":{"@type":"ImageObject","inLanguage":"en-GB","@id":"https:\/\/www.akmensjumti.lv\/ru\/#\/schema\/logo\/image\/","url":"https:\/\/www.akmensjumti.lv\/wp-content\/uploads\/2024\/08\/logo-350x100-1.png","contentUrl":"https:\/\/www.akmensjumti.lv\/wp-content\/uploads\/2024\/08\/logo-350x100-1.png","width":135,"height":86,"caption":"Akmens Jumti"},"image":{"@id":"https:\/\/www.akmensjumti.lv\/ru\/#\/schema\/logo\/image\/"}}]}},"_links":{"self":[{"href":"https:\/\/www.akmensjumti.lv\/en\/wp-json\/wp\/v2\/pages\/359","targetHints":{"allow":["GET"]}}],"collection":[{"href":"https:\/\/www.akmensjumti.lv\/en\/wp-json\/wp\/v2\/pages"}],"about":[{"href":"https:\/\/www.akmensjumti.lv\/en\/wp-json\/wp\/v2\/types\/page"}],"author":[{"embeddable":true,"href":"https:\/\/www.akmensjumti.lv\/en\/wp-json\/wp\/v2\/users\/1"}],"replies":[{"embeddable":true,"href":"https:\/\/www.akmensjumti.lv\/en\/wp-json\/wp\/v2\/comments?post=359"}],"version-history":[{"count":0,"href":"https:\/\/www.akmensjumti.lv\/en\/wp-json\/wp\/v2\/pages\/359\/revisions"}],"wp:attachment":[{"href":"https:\/\/www.akmensjumti.lv\/en\/wp-json\/wp\/v2\/media?parent=359"}],"curies":[{"name":"wp","href":"https:\/\/api.w.org\/{rel}","templated":true}]}}