{"id":382,"date":"2024-10-02T17:44:40","date_gmt":"2024-10-02T17:44:40","guid":{"rendered":"https:\/\/www.akmensjumti.lv\/?page_id=382"},"modified":"2024-10-03T16:00:14","modified_gmt":"2024-10-03T13:00:14","slug":"ssq-matacouta","status":"publish","type":"page","link":"https:\/\/www.akmensjumti.lv\/en\/ssq-matacouta\/","title":{"rendered":"SSQ Matacouta"},"content":{"rendered":"<div data-elementor-type=\"wp-page\" data-elementor-id=\"382\" class=\"elementor elementor-382\" data-elementor-post-type=\"page\">\n\t\t\t\t<div class=\"elementor-element elementor-element-dd33140 e-flex e-con-boxed e-con e-parent\" data-id=\"dd33140\" data-element_type=\"container\" data-e-type=\"container\" data-settings=\"{&quot;background_background&quot;:&quot;classic&quot;}\">\n\t\t\t\t\t<div class=\"e-con-inner\">\n\t\t\t\t<div class=\"elementor-element elementor-element-24cc04e elementor-widget elementor-widget-heading\" data-id=\"24cc04e\" data-element_type=\"widget\" data-e-type=\"widget\" data-widget_type=\"heading.default\">\n\t\t\t\t<div class=\"elementor-widget-container\">\n\t\t\t\t\t<h1 class=\"elementor-heading-title elementor-size-default\">SSQ Matacouta<\/h1>\t\t\t\t<\/div>\n\t\t\t\t<\/div>\n\t\t\t\t\t<\/div>\n\t\t\t\t<\/div>\n\t\t<div class=\"elementor-element elementor-element-7f6e225 e-flex e-con-boxed e-con e-parent\" data-id=\"7f6e225\" data-element_type=\"container\" data-e-type=\"container\">\n\t\t\t\t\t<div class=\"e-con-inner\">\n\t\t<div class=\"elementor-element elementor-element-2bc0234 e-con-full e-flex e-con e-child\" data-id=\"2bc0234\" data-element_type=\"container\" data-e-type=\"container\">\n\t\t<div class=\"elementor-element elementor-element-692ad87 e-con-full e-flex e-con e-child\" data-id=\"692ad87\" data-element_type=\"container\" data-e-type=\"container\">\n\t\t\t\t<div class=\"elementor-element elementor-element-dd6f2f3 elementor-widget elementor-widget-text-editor\" data-id=\"dd6f2f3\" data-element_type=\"widget\" data-e-type=\"widget\" data-widget_type=\"text-editor.default\">\n\t\t\t\t<div class=\"elementor-widget-container\">\n\t\t\t\t\t\t\t\t\t<p>Matacouta slate comes from the Cabrera region in Spain renowned for its high performance roofing slates.\nMatacouta is a striking black Spanish slate with blue-black overtones and characteristic bold\ntexture. The colour is completely natural and will not fade even in the harshest weather\nenvironment. Matacouta renowned for its durability and quality consistency, can be split as thin as 4,3mm and as Heavy 8-10mm thickness. For decades this slate has been the choice of homeowners and architects in the main markets of natural slate.<\/p>\t\t\t\t\t\t\t\t<\/div>\n\t\t\t\t<\/div>\n\t\t\t\t<\/div>\n\t\t<div class=\"elementor-element elementor-element-f25c5a8 e-con-full e-flex e-con e-child\" data-id=\"f25c5a8\" data-element_type=\"container\" data-e-type=\"container\">\n\t\t\t\t<div class=\"elementor-element elementor-element-113dee7 elementor-widget elementor-widget-image\" data-id=\"113dee7\" data-element_type=\"widget\" data-e-type=\"widget\" data-widget_type=\"image.default\">\n\t\t\t\t<div class=\"elementor-widget-container\">\n\t\t\t\t\t\t\t\t\t\t\t\t\t\t\t<img decoding=\"async\" width=\"178\" height=\"90\" src=\"https:\/\/www.akmensjumti.lv\/wp-content\/uploads\/2024\/08\/ssq-logo.svg\" class=\"attachment-large size-large wp-image-108\" alt=\"\" \/>\t\t\t\t\t\t\t\t\t\t\t\t\t\t\t<\/div>\n\t\t\t\t<\/div>\n\t\t\t\t<div class=\"elementor-element elementor-element-ed5b921 elementor-widget elementor-widget-text-editor\" data-id=\"ed5b921\" data-element_type=\"widget\" data-e-type=\"widget\" data-widget_type=\"text-editor.default\">\n\t\t\t\t<div class=\"elementor-widget-container\">\n\t\t\t\t\t\t\t\t\t<p><a href=\"http:\/\/www.ssqgroup.com\">www.ssqgroup.com<\/a><\/p>\t\t\t\t\t\t\t\t<\/div>\n\t\t\t\t<\/div>\n\t\t\t\t<\/div>\n\t\t\t\t<\/div>\n\t\t\t\t\t<\/div>\n\t\t\t\t<\/div>\n\t\t<div class=\"elementor-element elementor-element-bf037bd e-con-full e-flex e-con e-parent\" data-id=\"bf037bd\" data-element_type=\"container\" data-e-type=\"container\">\n\t\t\t\t<div class=\"elementor-element elementor-element-70b60d8 elementor-widget elementor-widget-gallery\" data-id=\"70b60d8\" data-element_type=\"widget\" data-e-type=\"widget\" data-settings=\"{&quot;columns&quot;:5,&quot;gap&quot;:{&quot;unit&quot;:&quot;px&quot;,&quot;size&quot;:0,&quot;sizes&quot;:[]},&quot;columns_tablet&quot;:3,&quot;columns_mobile&quot;:2,&quot;gap_tablet&quot;:{&quot;unit&quot;:&quot;px&quot;,&quot;size&quot;:5,&quot;sizes&quot;:[]},&quot;gap_mobile&quot;:{&quot;unit&quot;:&quot;px&quot;,&quot;size&quot;:5,&quot;sizes&quot;:[]},&quot;lazyload&quot;:&quot;yes&quot;,&quot;gallery_layout&quot;:&quot;grid&quot;,&quot;link_to&quot;:&quot;file&quot;,&quot;aspect_ratio&quot;:&quot;3:2&quot;,&quot;overlay_background&quot;:&quot;yes&quot;,&quot;content_hover_animation&quot;:&quot;fade-in&quot;}\" data-widget_type=\"gallery.default\">\n\t\t\t\t<div class=\"elementor-widget-container\">\n\t\t\t\t\t\t\t<div class=\"elementor-gallery__container\">\n\t\t\t\t\t\t\t<a class=\"e-gallery-item elementor-gallery-item elementor-animated-content\" href=\"https:\/\/www.akmensjumti.lv\/wp-content\/uploads\/2024\/10\/Matacouta-8.jpg\" data-elementor-open-lightbox=\"yes\" data-elementor-lightbox-slideshow=\"70b60d8\" data-elementor-lightbox-title=\"Matacouta-8\" data-e-action-hash=\"#elementor-action%3Aaction%3Dlightbox%26settings%3DeyJpZCI6ODg0LCJ1cmwiOiJodHRwczpcL1wvd3d3LmFrbWVuc2p1bXRpLmx2XC93cC1jb250ZW50XC91cGxvYWRzXC8yMDI0XC8xMFwvTWF0YWNvdXRhLTguanBnIiwic2xpZGVzaG93IjoiNzBiNjBkOCJ9\">\n\t\t\t\t\t<div class=\"e-gallery-image elementor-gallery-item__image\" data-thumbnail=\"https:\/\/www.akmensjumti.lv\/wp-content\/uploads\/2024\/10\/Matacouta-8.jpg\" data-width=\"1200\" data-height=\"900\" aria-label=\"\" role=\"img\" ><\/div>\n\t\t\t\t\t\t\t\t\t\t\t<div class=\"elementor-gallery-item__overlay\"><\/div>\n\t\t\t\t\t\t\t\t\t\t\t\t\t\t<\/a>\n\t\t\t\t\t\t\t<a class=\"e-gallery-item elementor-gallery-item elementor-animated-content\" href=\"https:\/\/www.akmensjumti.lv\/wp-content\/uploads\/2024\/10\/Matacouta-9.jpg\" data-elementor-open-lightbox=\"yes\" data-elementor-lightbox-slideshow=\"70b60d8\" data-elementor-lightbox-title=\"Matacouta-9\" data-e-action-hash=\"#elementor-action%3Aaction%3Dlightbox%26settings%3DeyJpZCI6ODg1LCJ1cmwiOiJodHRwczpcL1wvd3d3LmFrbWVuc2p1bXRpLmx2XC93cC1jb250ZW50XC91cGxvYWRzXC8yMDI0XC8xMFwvTWF0YWNvdXRhLTkuanBnIiwic2xpZGVzaG93IjoiNzBiNjBkOCJ9\">\n\t\t\t\t\t<div class=\"e-gallery-image elementor-gallery-item__image\" data-thumbnail=\"https:\/\/www.akmensjumti.lv\/wp-content\/uploads\/2024\/10\/Matacouta-9.jpg\" data-width=\"900\" data-height=\"602\" aria-label=\"\" role=\"img\" ><\/div>\n\t\t\t\t\t\t\t\t\t\t\t<div class=\"elementor-gallery-item__overlay\"><\/div>\n\t\t\t\t\t\t\t\t\t\t\t\t\t\t<\/a>\n\t\t\t\t\t\t\t<a class=\"e-gallery-item elementor-gallery-item elementor-animated-content\" href=\"https:\/\/www.akmensjumti.lv\/wp-content\/uploads\/2024\/10\/Matacouta-7.jpg\" data-elementor-open-lightbox=\"yes\" data-elementor-lightbox-slideshow=\"70b60d8\" data-elementor-lightbox-title=\"Matacouta-7\" data-e-action-hash=\"#elementor-action%3Aaction%3Dlightbox%26settings%3DeyJpZCI6ODgzLCJ1cmwiOiJodHRwczpcL1wvd3d3LmFrbWVuc2p1bXRpLmx2XC93cC1jb250ZW50XC91cGxvYWRzXC8yMDI0XC8xMFwvTWF0YWNvdXRhLTcuanBnIiwic2xpZGVzaG93IjoiNzBiNjBkOCJ9\">\n\t\t\t\t\t<div class=\"e-gallery-image elementor-gallery-item__image\" data-thumbnail=\"https:\/\/www.akmensjumti.lv\/wp-content\/uploads\/2024\/10\/Matacouta-7.jpg\" data-width=\"1200\" data-height=\"900\" aria-label=\"\" role=\"img\" ><\/div>\n\t\t\t\t\t\t\t\t\t\t\t<div class=\"elementor-gallery-item__overlay\"><\/div>\n\t\t\t\t\t\t\t\t\t\t\t\t\t\t<\/a>\n\t\t\t\t\t\t\t<a class=\"e-gallery-item elementor-gallery-item elementor-animated-content\" href=\"https:\/\/www.akmensjumti.lv\/wp-content\/uploads\/2024\/10\/Matacouta-6.jpg\" data-elementor-open-lightbox=\"yes\" data-elementor-lightbox-slideshow=\"70b60d8\" data-elementor-lightbox-title=\"Matacouta-6\" data-e-action-hash=\"#elementor-action%3Aaction%3Dlightbox%26settings%3DeyJpZCI6ODgyLCJ1cmwiOiJodHRwczpcL1wvd3d3LmFrbWVuc2p1bXRpLmx2XC93cC1jb250ZW50XC91cGxvYWRzXC8yMDI0XC8xMFwvTWF0YWNvdXRhLTYuanBnIiwic2xpZGVzaG93IjoiNzBiNjBkOCJ9\">\n\t\t\t\t\t<div class=\"e-gallery-image elementor-gallery-item__image\" data-thumbnail=\"https:\/\/www.akmensjumti.lv\/wp-content\/uploads\/2024\/10\/Matacouta-6.jpg\" data-width=\"1200\" data-height=\"900\" aria-label=\"\" role=\"img\" ><\/div>\n\t\t\t\t\t\t\t\t\t\t\t<div class=\"elementor-gallery-item__overlay\"><\/div>\n\t\t\t\t\t\t\t\t\t\t\t\t\t\t<\/a>\n\t\t\t\t\t\t\t<a class=\"e-gallery-item elementor-gallery-item elementor-animated-content\" href=\"https:\/\/www.akmensjumti.lv\/wp-content\/uploads\/2024\/10\/Matacouta-5.jpg\" data-elementor-open-lightbox=\"yes\" data-elementor-lightbox-slideshow=\"70b60d8\" data-elementor-lightbox-title=\"Matacouta-5\" data-e-action-hash=\"#elementor-action%3Aaction%3Dlightbox%26settings%3DeyJpZCI6ODgxLCJ1cmwiOiJodHRwczpcL1wvd3d3LmFrbWVuc2p1bXRpLmx2XC93cC1jb250ZW50XC91cGxvYWRzXC8yMDI0XC8xMFwvTWF0YWNvdXRhLTUuanBnIiwic2xpZGVzaG93IjoiNzBiNjBkOCJ9\">\n\t\t\t\t\t<div class=\"e-gallery-image elementor-gallery-item__image\" data-thumbnail=\"https:\/\/www.akmensjumti.lv\/wp-content\/uploads\/2024\/10\/Matacouta-5.jpg\" data-width=\"1200\" data-height=\"900\" aria-label=\"\" role=\"img\" ><\/div>\n\t\t\t\t\t\t\t\t\t\t\t<div class=\"elementor-gallery-item__overlay\"><\/div>\n\t\t\t\t\t\t\t\t\t\t\t\t\t\t<\/a>\n\t\t\t\t\t\t\t<a class=\"e-gallery-item elementor-gallery-item elementor-animated-content\" href=\"https:\/\/www.akmensjumti.lv\/wp-content\/uploads\/2024\/10\/Matacouta-10.jpg\" data-elementor-open-lightbox=\"yes\" data-elementor-lightbox-slideshow=\"70b60d8\" data-elementor-lightbox-title=\"Matacouta-10\" data-e-action-hash=\"#elementor-action%3Aaction%3Dlightbox%26settings%3DeyJpZCI6ODc2LCJ1cmwiOiJodHRwczpcL1wvd3d3LmFrbWVuc2p1bXRpLmx2XC93cC1jb250ZW50XC91cGxvYWRzXC8yMDI0XC8xMFwvTWF0YWNvdXRhLTEwLmpwZyIsInNsaWRlc2hvdyI6IjcwYjYwZDgifQ%3D%3D\">\n\t\t\t\t\t<div class=\"e-gallery-image elementor-gallery-item__image\" data-thumbnail=\"https:\/\/www.akmensjumti.lv\/wp-content\/uploads\/2024\/10\/Matacouta-10.jpg\" data-width=\"1200\" data-height=\"900\" aria-label=\"\" role=\"img\" ><\/div>\n\t\t\t\t\t\t\t\t\t\t\t<div class=\"elementor-gallery-item__overlay\"><\/div>\n\t\t\t\t\t\t\t\t\t\t\t\t\t\t<\/a>\n\t\t\t\t\t\t\t<a class=\"e-gallery-item elementor-gallery-item elementor-animated-content\" href=\"https:\/\/www.akmensjumti.lv\/wp-content\/uploads\/2024\/10\/Matacouta-1.jpg\" data-elementor-open-lightbox=\"yes\" data-elementor-lightbox-slideshow=\"70b60d8\" data-elementor-lightbox-title=\"Matacouta-1\" data-e-action-hash=\"#elementor-action%3Aaction%3Dlightbox%26settings%3DeyJpZCI6ODc3LCJ1cmwiOiJodHRwczpcL1wvd3d3LmFrbWVuc2p1bXRpLmx2XC93cC1jb250ZW50XC91cGxvYWRzXC8yMDI0XC8xMFwvTWF0YWNvdXRhLTEuanBnIiwic2xpZGVzaG93IjoiNzBiNjBkOCJ9\">\n\t\t\t\t\t<div class=\"e-gallery-image elementor-gallery-item__image\" data-thumbnail=\"https:\/\/www.akmensjumti.lv\/wp-content\/uploads\/2024\/10\/Matacouta-1.jpg\" data-width=\"900\" data-height=\"1200\" aria-label=\"\" role=\"img\" ><\/div>\n\t\t\t\t\t\t\t\t\t\t\t<div class=\"elementor-gallery-item__overlay\"><\/div>\n\t\t\t\t\t\t\t\t\t\t\t\t\t\t<\/a>\n\t\t\t\t\t\t\t<a class=\"e-gallery-item elementor-gallery-item elementor-animated-content\" href=\"https:\/\/www.akmensjumti.lv\/wp-content\/uploads\/2024\/10\/Matacouta-2.jpg\" data-elementor-open-lightbox=\"yes\" data-elementor-lightbox-slideshow=\"70b60d8\" data-elementor-lightbox-title=\"Matacouta-2\" data-e-action-hash=\"#elementor-action%3Aaction%3Dlightbox%26settings%3DeyJpZCI6ODc4LCJ1cmwiOiJodHRwczpcL1wvd3d3LmFrbWVuc2p1bXRpLmx2XC93cC1jb250ZW50XC91cGxvYWRzXC8yMDI0XC8xMFwvTWF0YWNvdXRhLTIuanBnIiwic2xpZGVzaG93IjoiNzBiNjBkOCJ9\">\n\t\t\t\t\t<div class=\"e-gallery-image elementor-gallery-item__image\" data-thumbnail=\"https:\/\/www.akmensjumti.lv\/wp-content\/uploads\/2024\/10\/Matacouta-2.jpg\" data-width=\"900\" data-height=\"1200\" aria-label=\"\" role=\"img\" ><\/div>\n\t\t\t\t\t\t\t\t\t\t\t<div class=\"elementor-gallery-item__overlay\"><\/div>\n\t\t\t\t\t\t\t\t\t\t\t\t\t\t<\/a>\n\t\t\t\t\t\t\t<a class=\"e-gallery-item elementor-gallery-item elementor-animated-content\" href=\"https:\/\/www.akmensjumti.lv\/wp-content\/uploads\/2024\/10\/Matacouta-3.jpg\" data-elementor-open-lightbox=\"yes\" data-elementor-lightbox-slideshow=\"70b60d8\" data-elementor-lightbox-title=\"Matacouta-3\" data-e-action-hash=\"#elementor-action%3Aaction%3Dlightbox%26settings%3DeyJpZCI6ODc5LCJ1cmwiOiJodHRwczpcL1wvd3d3LmFrbWVuc2p1bXRpLmx2XC93cC1jb250ZW50XC91cGxvYWRzXC8yMDI0XC8xMFwvTWF0YWNvdXRhLTMuanBnIiwic2xpZGVzaG93IjoiNzBiNjBkOCJ9\">\n\t\t\t\t\t<div class=\"e-gallery-image elementor-gallery-item__image\" data-thumbnail=\"https:\/\/www.akmensjumti.lv\/wp-content\/uploads\/2024\/10\/Matacouta-3.jpg\" data-width=\"900\" data-height=\"600\" aria-label=\"\" role=\"img\" ><\/div>\n\t\t\t\t\t\t\t\t\t\t\t<div class=\"elementor-gallery-item__overlay\"><\/div>\n\t\t\t\t\t\t\t\t\t\t\t\t\t\t<\/a>\n\t\t\t\t\t\t\t<a class=\"e-gallery-item elementor-gallery-item elementor-animated-content\" href=\"https:\/\/www.akmensjumti.lv\/wp-content\/uploads\/2024\/10\/Matacouta-4.jpg\" data-elementor-open-lightbox=\"yes\" data-elementor-lightbox-slideshow=\"70b60d8\" data-elementor-lightbox-title=\"Matacouta-4\" data-e-action-hash=\"#elementor-action%3Aaction%3Dlightbox%26settings%3DeyJpZCI6ODgwLCJ1cmwiOiJodHRwczpcL1wvd3d3LmFrbWVuc2p1bXRpLmx2XC93cC1jb250ZW50XC91cGxvYWRzXC8yMDI0XC8xMFwvTWF0YWNvdXRhLTQuanBnIiwic2xpZGVzaG93IjoiNzBiNjBkOCJ9\">\n\t\t\t\t\t<div class=\"e-gallery-image elementor-gallery-item__image\" data-thumbnail=\"https:\/\/www.akmensjumti.lv\/wp-content\/uploads\/2024\/10\/Matacouta-4.jpg\" data-width=\"1000\" data-height=\"667\" aria-label=\"\" role=\"img\" ><\/div>\n\t\t\t\t\t\t\t\t\t\t\t<div class=\"elementor-gallery-item__overlay\"><\/div>\n\t\t\t\t\t\t\t\t\t\t\t\t\t\t<\/a>\n\t\t\t\t\t<\/div>\n\t\t\t\t\t<\/div>\n\t\t\t\t<\/div>\n\t\t\t\t<\/div>\n\t\t\t\t<\/div>","protected":false},"excerpt":{"rendered":"<p>SSQ Matacouta Matacouta sl\u0101neklis n\u0101k no Kabreras re\u0123iona Sp\u0101nijas zieme\u013crietumos. Tam piem\u012bt tum\u0161i melna kr\u0101sa un bag\u0101t\u012bga tekst\u016bra. Pieejams gan k\u0101 Heavy 8-10mm biezum\u0101, gan ar\u012b 4,3mm vai 4,7mm biezum\u0101 \u2013 Matacouta sl\u0101neklis vair\u0101ku gadu desmitu laik\u0101 ir izpeln\u012bjies augst\u0101ko kvalit\u0101tes nov\u0113rt\u0113jumu liel\u0101kajos sl\u0101nek\u013ca tirgos visa pasaul\u0113. www.ssqgroup.com<\/p>","protected":false},"author":1,"featured_media":0,"parent":0,"menu_order":0,"comment_status":"closed","ping_status":"closed","template":"","meta":{"footnotes":""},"class_list":["post-382","page","type-page","status-publish","hentry"],"yoast_head":"<!-- This site is optimized with the Yoast SEO plugin v27.1.1 - https:\/\/yoast.com\/product\/yoast-seo-wordpress\/ -->\n<title>SSQ Matacouta - Akmens Jumti<\/title>\n<meta name=\"robots\" content=\"index, follow, max-snippet:-1, max-image-preview:large, max-video-preview:-1\" \/>\n<link rel=\"canonical\" href=\"https:\/\/www.akmensjumti.lv\/en\/ssq-matacouta\/\" \/>\n<meta property=\"og:locale\" content=\"en_GB\" \/>\n<meta property=\"og:type\" content=\"article\" \/>\n<meta property=\"og:title\" content=\"SSQ Matacouta - Akmens Jumti\" \/>\n<meta property=\"og:description\" content=\"SSQ Matacouta Matacouta sl\u0101neklis n\u0101k no Kabreras re\u0123iona Sp\u0101nijas zieme\u013crietumos. Tam piem\u012bt tum\u0161i melna kr\u0101sa un bag\u0101t\u012bga tekst\u016bra. Pieejams gan k\u0101 Heavy 8-10mm biezum\u0101, gan ar\u012b 4,3mm vai 4,7mm biezum\u0101 \u2013 Matacouta sl\u0101neklis vair\u0101ku gadu desmitu laik\u0101 ir izpeln\u012bjies augst\u0101ko kvalit\u0101tes nov\u0113rt\u0113jumu liel\u0101kajos sl\u0101nek\u013ca tirgos visa pasaul\u0113. www.ssqgroup.com\" \/>\n<meta property=\"og:url\" content=\"https:\/\/www.akmensjumti.lv\/en\/ssq-matacouta\/\" \/>\n<meta property=\"og:site_name\" content=\"Akmens Jumti\" \/>\n<meta property=\"article:modified_time\" content=\"2024-10-03T13:00:14+00:00\" \/>\n<meta property=\"og:image\" content=\"https:\/\/www.akmensjumti.lv\/wp-content\/uploads\/2024\/08\/ssq-logo.svg\" \/>\n<meta name=\"twitter:card\" content=\"summary_large_image\" \/>\n<script type=\"application\/ld+json\" class=\"yoast-schema-graph\">{\"@context\":\"https:\/\/schema.org\",\"@graph\":[{\"@type\":\"WebPage\",\"@id\":\"https:\/\/www.akmensjumti.lv\/ssq-matacouta\/\",\"url\":\"https:\/\/www.akmensjumti.lv\/ssq-matacouta\/\",\"name\":\"SSQ Matacouta - Akmens Jumti\",\"isPartOf\":{\"@id\":\"https:\/\/www.akmensjumti.lv\/ru\/#website\"},\"primaryImageOfPage\":{\"@id\":\"https:\/\/www.akmensjumti.lv\/ssq-matacouta\/#primaryimage\"},\"image\":{\"@id\":\"https:\/\/www.akmensjumti.lv\/ssq-matacouta\/#primaryimage\"},\"thumbnailUrl\":\"https:\/\/www.akmensjumti.lv\/wp-content\/uploads\/2024\/08\/ssq-logo.svg\",\"datePublished\":\"2024-10-02T17:44:40+00:00\",\"dateModified\":\"2024-10-03T13:00:14+00:00\",\"breadcrumb\":{\"@id\":\"https:\/\/www.akmensjumti.lv\/ssq-matacouta\/#breadcrumb\"},\"inLanguage\":\"en-GB\",\"potentialAction\":[{\"@type\":\"ReadAction\",\"target\":[\"https:\/\/www.akmensjumti.lv\/ssq-matacouta\/\"]}]},{\"@type\":\"ImageObject\",\"inLanguage\":\"en-GB\",\"@id\":\"https:\/\/www.akmensjumti.lv\/ssq-matacouta\/#primaryimage\",\"url\":\"https:\/\/www.akmensjumti.lv\/wp-content\/uploads\/2024\/08\/ssq-logo.svg\",\"contentUrl\":\"https:\/\/www.akmensjumti.lv\/wp-content\/uploads\/2024\/08\/ssq-logo.svg\"},{\"@type\":\"BreadcrumbList\",\"@id\":\"https:\/\/www.akmensjumti.lv\/ssq-matacouta\/#breadcrumb\",\"itemListElement\":[{\"@type\":\"ListItem\",\"position\":1,\"name\":\"Home\",\"item\":\"https:\/\/www.akmensjumti.lv\/\"},{\"@type\":\"ListItem\",\"position\":2,\"name\":\"SSQ Matacouta\"}]},{\"@type\":\"WebSite\",\"@id\":\"https:\/\/www.akmensjumti.lv\/ru\/#website\",\"url\":\"https:\/\/www.akmensjumti.lv\/ru\/\",\"name\":\"Akmens Jumti\",\"description\":\"Pla\u0161\u0101kais sl\u0101nek\u013ca asortiments Latvij\u0101!\",\"publisher\":{\"@id\":\"https:\/\/www.akmensjumti.lv\/ru\/#organization\"},\"potentialAction\":[{\"@type\":\"SearchAction\",\"target\":{\"@type\":\"EntryPoint\",\"urlTemplate\":\"https:\/\/www.akmensjumti.lv\/ru\/?s={search_term_string}\"},\"query-input\":{\"@type\":\"PropertyValueSpecification\",\"valueRequired\":true,\"valueName\":\"search_term_string\"}}],\"inLanguage\":\"en-GB\"},{\"@type\":\"Organization\",\"@id\":\"https:\/\/www.akmensjumti.lv\/ru\/#organization\",\"name\":\"Akmens Jumti\",\"url\":\"https:\/\/www.akmensjumti.lv\/ru\/\",\"logo\":{\"@type\":\"ImageObject\",\"inLanguage\":\"en-GB\",\"@id\":\"https:\/\/www.akmensjumti.lv\/ru\/#\/schema\/logo\/image\/\",\"url\":\"https:\/\/www.akmensjumti.lv\/wp-content\/uploads\/2024\/08\/logo-350x100-1.png\",\"contentUrl\":\"https:\/\/www.akmensjumti.lv\/wp-content\/uploads\/2024\/08\/logo-350x100-1.png\",\"width\":135,\"height\":86,\"caption\":\"Akmens Jumti\"},\"image\":{\"@id\":\"https:\/\/www.akmensjumti.lv\/ru\/#\/schema\/logo\/image\/\"}}]}<\/script>\n<!-- \/ Yoast SEO plugin. -->","yoast_head_json":{"title":"SSQ Matacouta - Akmens Jumti","robots":{"index":"index","follow":"follow","max-snippet":"max-snippet:-1","max-image-preview":"max-image-preview:large","max-video-preview":"max-video-preview:-1"},"canonical":"https:\/\/www.akmensjumti.lv\/en\/ssq-matacouta\/","og_locale":"en_GB","og_type":"article","og_title":"SSQ Matacouta - Akmens Jumti","og_description":"SSQ Matacouta Matacouta sl\u0101neklis n\u0101k no Kabreras re\u0123iona Sp\u0101nijas zieme\u013crietumos. Tam piem\u012bt tum\u0161i melna kr\u0101sa un bag\u0101t\u012bga tekst\u016bra. Pieejams gan k\u0101 Heavy 8-10mm biezum\u0101, gan ar\u012b 4,3mm vai 4,7mm biezum\u0101 \u2013 Matacouta sl\u0101neklis vair\u0101ku gadu desmitu laik\u0101 ir izpeln\u012bjies augst\u0101ko kvalit\u0101tes nov\u0113rt\u0113jumu liel\u0101kajos sl\u0101nek\u013ca tirgos visa pasaul\u0113. www.ssqgroup.com","og_url":"https:\/\/www.akmensjumti.lv\/en\/ssq-matacouta\/","og_site_name":"Akmens Jumti","article_modified_time":"2024-10-03T13:00:14+00:00","og_image":[{"url":"https:\/\/www.akmensjumti.lv\/wp-content\/uploads\/2024\/08\/ssq-logo.svg","type":"","width":"","height":""}],"twitter_card":"summary_large_image","schema":{"@context":"https:\/\/schema.org","@graph":[{"@type":"WebPage","@id":"https:\/\/www.akmensjumti.lv\/ssq-matacouta\/","url":"https:\/\/www.akmensjumti.lv\/ssq-matacouta\/","name":"SSQ Matacouta - Akmens Jumti","isPartOf":{"@id":"https:\/\/www.akmensjumti.lv\/ru\/#website"},"primaryImageOfPage":{"@id":"https:\/\/www.akmensjumti.lv\/ssq-matacouta\/#primaryimage"},"image":{"@id":"https:\/\/www.akmensjumti.lv\/ssq-matacouta\/#primaryimage"},"thumbnailUrl":"https:\/\/www.akmensjumti.lv\/wp-content\/uploads\/2024\/08\/ssq-logo.svg","datePublished":"2024-10-02T17:44:40+00:00","dateModified":"2024-10-03T13:00:14+00:00","breadcrumb":{"@id":"https:\/\/www.akmensjumti.lv\/ssq-matacouta\/#breadcrumb"},"inLanguage":"en-GB","potentialAction":[{"@type":"ReadAction","target":["https:\/\/www.akmensjumti.lv\/ssq-matacouta\/"]}]},{"@type":"ImageObject","inLanguage":"en-GB","@id":"https:\/\/www.akmensjumti.lv\/ssq-matacouta\/#primaryimage","url":"https:\/\/www.akmensjumti.lv\/wp-content\/uploads\/2024\/08\/ssq-logo.svg","contentUrl":"https:\/\/www.akmensjumti.lv\/wp-content\/uploads\/2024\/08\/ssq-logo.svg"},{"@type":"BreadcrumbList","@id":"https:\/\/www.akmensjumti.lv\/ssq-matacouta\/#breadcrumb","itemListElement":[{"@type":"ListItem","position":1,"name":"Home","item":"https:\/\/www.akmensjumti.lv\/"},{"@type":"ListItem","position":2,"name":"SSQ Matacouta"}]},{"@type":"WebSite","@id":"https:\/\/www.akmensjumti.lv\/ru\/#website","url":"https:\/\/www.akmensjumti.lv\/ru\/","name":"Akmens Jumti","description":"Pla\u0161\u0101kais sl\u0101nek\u013ca asortiments Latvij\u0101!","publisher":{"@id":"https:\/\/www.akmensjumti.lv\/ru\/#organization"},"potentialAction":[{"@type":"SearchAction","target":{"@type":"EntryPoint","urlTemplate":"https:\/\/www.akmensjumti.lv\/ru\/?s={search_term_string}"},"query-input":{"@type":"PropertyValueSpecification","valueRequired":true,"valueName":"search_term_string"}}],"inLanguage":"en-GB"},{"@type":"Organization","@id":"https:\/\/www.akmensjumti.lv\/ru\/#organization","name":"Akmens Jumti","url":"https:\/\/www.akmensjumti.lv\/ru\/","logo":{"@type":"ImageObject","inLanguage":"en-GB","@id":"https:\/\/www.akmensjumti.lv\/ru\/#\/schema\/logo\/image\/","url":"https:\/\/www.akmensjumti.lv\/wp-content\/uploads\/2024\/08\/logo-350x100-1.png","contentUrl":"https:\/\/www.akmensjumti.lv\/wp-content\/uploads\/2024\/08\/logo-350x100-1.png","width":135,"height":86,"caption":"Akmens Jumti"},"image":{"@id":"https:\/\/www.akmensjumti.lv\/ru\/#\/schema\/logo\/image\/"}}]}},"_links":{"self":[{"href":"https:\/\/www.akmensjumti.lv\/en\/wp-json\/wp\/v2\/pages\/382","targetHints":{"allow":["GET"]}}],"collection":[{"href":"https:\/\/www.akmensjumti.lv\/en\/wp-json\/wp\/v2\/pages"}],"about":[{"href":"https:\/\/www.akmensjumti.lv\/en\/wp-json\/wp\/v2\/types\/page"}],"author":[{"embeddable":true,"href":"https:\/\/www.akmensjumti.lv\/en\/wp-json\/wp\/v2\/users\/1"}],"replies":[{"embeddable":true,"href":"https:\/\/www.akmensjumti.lv\/en\/wp-json\/wp\/v2\/comments?post=382"}],"version-history":[{"count":0,"href":"https:\/\/www.akmensjumti.lv\/en\/wp-json\/wp\/v2\/pages\/382\/revisions"}],"wp:attachment":[{"href":"https:\/\/www.akmensjumti.lv\/en\/wp-json\/wp\/v2\/media?parent=382"}],"curies":[{"name":"wp","href":"https:\/\/api.w.org\/{rel}","templated":true}]}}