{"id":222,"date":"2024-09-30T15:44:59","date_gmt":"2024-09-30T15:44:59","guid":{"rendered":"https:\/\/www.akmensjumti.lv\/?page_id=222"},"modified":"2024-10-03T17:14:03","modified_gmt":"2024-10-03T14:14:03","slug":"slaneklis-jumtiem","status":"publish","type":"page","link":"https:\/\/www.akmensjumti.lv\/ru\/slaneklis-jumtiem\/","title":{"rendered":"Sl\u0101neklis jumtiem"},"content":{"rendered":"<div data-elementor-type=\"wp-page\" data-elementor-id=\"222\" class=\"elementor elementor-222\" data-elementor-post-type=\"page\">\n\t\t\t\t<div class=\"elementor-element elementor-element-9c5e7af e-flex e-con-boxed e-con e-parent\" data-id=\"9c5e7af\" data-element_type=\"container\" data-e-type=\"container\" data-settings=\"{&quot;background_background&quot;:&quot;classic&quot;}\">\n\t\t\t\t\t<div class=\"e-con-inner\">\n\t\t\t\t<div class=\"elementor-element elementor-element-6a53761 elementor-widget elementor-widget-heading\" data-id=\"6a53761\" data-element_type=\"widget\" data-e-type=\"widget\" data-widget_type=\"heading.default\">\n\t\t\t\t<div class=\"elementor-widget-container\">\n\t\t\t\t\t<h1 class=\"elementor-heading-title elementor-size-default\">Sl\u0101neklis jumtiem<\/h1>\t\t\t\t<\/div>\n\t\t\t\t<\/div>\n\t\t\t\t\t<\/div>\n\t\t\t\t<\/div>\n\t\t<div class=\"elementor-element elementor-element-acb2391 e-flex e-con-boxed e-con e-parent\" data-id=\"acb2391\" data-element_type=\"container\" data-e-type=\"container\">\n\t\t\t\t\t<div class=\"e-con-inner\">\n\t\t<div class=\"elementor-element elementor-element-ca06a53 e-con-full e-flex e-con e-child\" data-id=\"ca06a53\" data-element_type=\"container\" data-e-type=\"container\">\n\t\t<div class=\"elementor-element elementor-element-d40c136 e-con-full e-flex e-con e-child\" data-id=\"d40c136\" data-element_type=\"container\" data-e-type=\"container\">\n\t\t\t\t<div class=\"elementor-element elementor-element-5c4a5e8 elementor-widget elementor-widget-text-editor\" data-id=\"5c4a5e8\" data-element_type=\"widget\" data-e-type=\"widget\" data-widget_type=\"text-editor.default\">\n\t\t\t\t<div class=\"elementor-widget-container\">\n\t\t\t\t\t\t\t\t\t<p>Sl\u0101neklis ir metamorfais iezis, kas vair\u0101ku simtu milionu gadu laik\u0101 ir izveidojies augstas temperat\u016bras un spiediena rezult\u0101t\u0101 zemes dz\u012bl\u0113s atsevi\u0161\u0137\u0101s viet\u0101s uz m\u016bsu plan\u0113tas. T\u0101 veido\u0161an\u0101s process, laiks, apst\u0101k\u013ci, s\u0101kotn\u0113jais sast\u0101vs un citi faktori nosaka sl\u0101nek\u013ca atbilst\u012bbu un kvalit\u0101ti, k\u0101 ar\u012b iesp\u0113jas to izmantot jumtu segumiem vai fas\u0101d\u0113m.<\/p>\t\t\t\t\t\t\t\t<\/div>\n\t\t\t\t<\/div>\n\t\t\t\t<div class=\"elementor-element elementor-element-5007bf7 elementor-widget elementor-widget-text-editor\" data-id=\"5007bf7\" data-element_type=\"widget\" data-e-type=\"widget\" data-widget_type=\"text-editor.default\">\n\t\t\t\t<div class=\"elementor-widget-container\">\n\t\t\t\t\t\t\t\t\t<p>Sl\u0101nek\u013ca galvenais un sen\u0101kais pielietojums pasaul\u0113 ir tie\u0161i jumtu segumiem. T\u0101 \u012bpatn\u012bbas, piem\u0113ram, \u0161\u0137el\u0161an\u0101s biezums un lielums, da\u017e\u0101dos pasaules re\u0123ionos ir iez\u012bm\u0113ju\u0161as \u0161o re\u0123ionu trad\u012bcijas ar\u012b m\u016bsdienu sl\u0101nek\u013ca pielietojumam. Pl\u0101n\u0101kais sl\u0101neklis, ko iekl\u0101j jumtiem, ir vien 3mm biezs, biez\u0101kais savuk\u0101rt \u2013 l\u012bdz pat 25mm biezum\u0101.<\/p>\t\t\t\t\t\t\t\t<\/div>\n\t\t\t\t<\/div>\n\t\t\t\t<\/div>\n\t\t<div class=\"elementor-element elementor-element-e8137ac e-con-full e-flex e-con e-child\" data-id=\"e8137ac\" data-element_type=\"container\" data-e-type=\"container\">\n\t\t\t\t<div class=\"elementor-element elementor-element-76fd3c9 elementor-widget elementor-widget-text-editor\" data-id=\"76fd3c9\" data-element_type=\"widget\" data-e-type=\"widget\" data-widget_type=\"text-editor.default\">\n\t\t\t\t<div class=\"elementor-widget-container\">\n\t\t\t\t\t\t\t\t\t<p>Akmens Jumti pied\u0101v\u0101 Latvij\u0101 vair\u0101kus m\u016bsu klimatam atbilsto\u0161us sl\u0101nek\u013cus no Sp\u0101nijas un fil\u012btu no Argent\u012bnas.<\/p>\t\t\t\t\t\t\t\t<\/div>\n\t\t\t\t<\/div>\n\t\t\t\t<div class=\"elementor-element elementor-element-6e00323 elementor-widget elementor-widget-text-editor\" data-id=\"6e00323\" data-element_type=\"widget\" data-e-type=\"widget\" data-widget_type=\"text-editor.default\">\n\t\t\t\t<div class=\"elementor-widget-container\">\n\t\t\t\t\t\t\t\t\t<p>Efekt\u012bvai un pareizai sl\u0101nek\u013ca jumta iekl\u0101\u0161anai j\u0101\u0146em v\u0113r\u0101 vair\u0101ki savstarp\u0113ji saist\u012bti faktori, tostarp: b\u016bves atra\u0161an\u0101s vieta, t\u0101s jumta sl\u012bpums, izv\u0113l\u0113t\u0101 sl\u0101nek\u013ca veids, sl\u0101nek\u013ca p\u0101rkl\u0101jums un citi.<\/p>\t\t\t\t\t\t\t\t<\/div>\n\t\t\t\t<\/div>\n\t\t\t\t<\/div>\n\t\t\t\t<\/div>\n\t\t<div class=\"elementor-element elementor-element-1a09209 e-con-full e-flex e-con e-child\" data-id=\"1a09209\" data-element_type=\"container\" data-e-type=\"container\">\n\t\t<div class=\"elementor-element elementor-element-ff681f2 e-con-full e-flex e-con e-child\" data-id=\"ff681f2\" data-element_type=\"container\" data-e-type=\"container\">\n\t\t\t\t<div class=\"elementor-element elementor-element-d329566 elementor-widget elementor-widget-text-editor\" data-id=\"d329566\" data-element_type=\"widget\" data-e-type=\"widget\" data-widget_type=\"text-editor.default\">\n\t\t\t\t<div class=\"elementor-widget-container\">\n\t\t\t\t\t\t\t\t\t<p>Labpr\u0101t pal\u012bdz\u0113sim ar padomu Jums atbilsto\u0161\u0101k\u0101 sl\u0101nek\u013ca izv\u0113l\u0113.<\/p>\t\t\t\t\t\t\t\t<\/div>\n\t\t\t\t<\/div>\n\t\t\t\t<div class=\"elementor-element elementor-element-955f703 elementor-align-left elementor-widget elementor-widget-button\" data-id=\"955f703\" data-element_type=\"widget\" data-e-type=\"widget\" data-widget_type=\"button.default\">\n\t\t\t\t<div class=\"elementor-widget-container\">\n\t\t\t\t\t\t\t\t\t<div class=\"elementor-button-wrapper\">\n\t\t\t\t\t<a class=\"elementor-button elementor-button-link elementor-size-sm elementor-animation-bounce-in\" href=\"https:\/\/www.akmensjumti.lv\/ru\/kontakti\/\">\n\t\t\t\t\t\t<span class=\"elementor-button-content-wrapper\">\n\t\t\t\t\t\t\t\t\t<span class=\"elementor-button-text\">\u0421\u0432\u044f\u0436\u0438\u0442\u0435\u0441\u044c \u0441 \u043d\u0430\u043c\u0438!<\/span>\n\t\t\t\t\t<\/span>\n\t\t\t\t\t<\/a>\n\t\t\t\t<\/div>\n\t\t\t\t\t\t\t\t<\/div>\n\t\t\t\t<\/div>\n\t\t\t\t<\/div>\n\t\t\t\t<\/div>\n\t\t\t\t\t<\/div>\n\t\t\t\t<\/div>\n\t\t<div class=\"elementor-element elementor-element-cd8a4e9 e-con-full e-flex e-con e-parent\" data-id=\"cd8a4e9\" data-element_type=\"container\" data-e-type=\"container\">\n\t\t\t\t<div class=\"elementor-element elementor-element-6f02274 elementor-widget elementor-widget-gallery\" data-id=\"6f02274\" data-element_type=\"widget\" data-e-type=\"widget\" data-settings=\"{&quot;columns&quot;:6,&quot;gap&quot;:{&quot;unit&quot;:&quot;px&quot;,&quot;size&quot;:0,&quot;sizes&quot;:[]},&quot;columns_tablet&quot;:3,&quot;columns_mobile&quot;:2,&quot;gap_tablet&quot;:{&quot;unit&quot;:&quot;px&quot;,&quot;size&quot;:5,&quot;sizes&quot;:[]},&quot;gap_mobile&quot;:{&quot;unit&quot;:&quot;px&quot;,&quot;size&quot;:5,&quot;sizes&quot;:[]},&quot;lazyload&quot;:&quot;yes&quot;,&quot;gallery_layout&quot;:&quot;grid&quot;,&quot;link_to&quot;:&quot;file&quot;,&quot;aspect_ratio&quot;:&quot;3:2&quot;,&quot;overlay_background&quot;:&quot;yes&quot;,&quot;content_hover_animation&quot;:&quot;fade-in&quot;}\" data-widget_type=\"gallery.default\">\n\t\t\t\t<div class=\"elementor-widget-container\">\n\t\t\t\t\t\t\t<div class=\"elementor-gallery__container\">\n\t\t\t\t\t\t\t<a class=\"e-gallery-item elementor-gallery-item elementor-animated-content\" href=\"https:\/\/www.akmensjumti.lv\/wp-content\/uploads\/2024\/10\/AJ-jumti-14.jpg\" data-elementor-open-lightbox=\"yes\" data-elementor-lightbox-slideshow=\"6f02274\" data-elementor-lightbox-title=\"AJ-jumti-14\" data-e-action-hash=\"#elementor-action%3Aaction%3Dlightbox%26settings%3DeyJpZCI6Nzc4LCJ1cmwiOiJodHRwczpcL1wvd3d3LmFrbWVuc2p1bXRpLmx2XC93cC1jb250ZW50XC91cGxvYWRzXC8yMDI0XC8xMFwvQUotanVtdGktMTQuanBnIiwic2xpZGVzaG93IjoiNmYwMjI3NCJ9\">\n\t\t\t\t\t<div class=\"e-gallery-image elementor-gallery-item__image\" data-thumbnail=\"https:\/\/www.akmensjumti.lv\/wp-content\/uploads\/2024\/10\/AJ-jumti-14.jpg\" data-width=\"1200\" data-height=\"900\" aria-label=\"\" role=\"img\" ><\/div>\n\t\t\t\t\t\t\t\t\t\t\t<div class=\"elementor-gallery-item__overlay\"><\/div>\n\t\t\t\t\t\t\t\t\t\t\t\t\t\t<\/a>\n\t\t\t\t\t\t\t<a class=\"e-gallery-item elementor-gallery-item elementor-animated-content\" href=\"https:\/\/www.akmensjumti.lv\/wp-content\/uploads\/2024\/10\/AJ-jumti-11.jpg\" data-elementor-open-lightbox=\"yes\" data-elementor-lightbox-slideshow=\"6f02274\" data-elementor-lightbox-title=\"AJ-jumti-11\" data-e-action-hash=\"#elementor-action%3Aaction%3Dlightbox%26settings%3DeyJpZCI6Nzc1LCJ1cmwiOiJodHRwczpcL1wvd3d3LmFrbWVuc2p1bXRpLmx2XC93cC1jb250ZW50XC91cGxvYWRzXC8yMDI0XC8xMFwvQUotanVtdGktMTEuanBnIiwic2xpZGVzaG93IjoiNmYwMjI3NCJ9\">\n\t\t\t\t\t<div class=\"e-gallery-image elementor-gallery-item__image\" data-thumbnail=\"https:\/\/www.akmensjumti.lv\/wp-content\/uploads\/2024\/10\/AJ-jumti-11.jpg\" data-width=\"900\" data-height=\"1200\" aria-label=\"\" role=\"img\" ><\/div>\n\t\t\t\t\t\t\t\t\t\t\t<div class=\"elementor-gallery-item__overlay\"><\/div>\n\t\t\t\t\t\t\t\t\t\t\t\t\t\t<\/a>\n\t\t\t\t\t\t\t<a class=\"e-gallery-item elementor-gallery-item elementor-animated-content\" href=\"https:\/\/www.akmensjumti.lv\/wp-content\/uploads\/2024\/10\/AJ-jumti-15.jpg\" data-elementor-open-lightbox=\"yes\" data-elementor-lightbox-slideshow=\"6f02274\" data-elementor-lightbox-title=\"AJ-jumti-15\" data-e-action-hash=\"#elementor-action%3Aaction%3Dlightbox%26settings%3DeyJpZCI6Nzc5LCJ1cmwiOiJodHRwczpcL1wvd3d3LmFrbWVuc2p1bXRpLmx2XC93cC1jb250ZW50XC91cGxvYWRzXC8yMDI0XC8xMFwvQUotanVtdGktMTUuanBnIiwic2xpZGVzaG93IjoiNmYwMjI3NCJ9\">\n\t\t\t\t\t<div class=\"e-gallery-image elementor-gallery-item__image\" data-thumbnail=\"https:\/\/www.akmensjumti.lv\/wp-content\/uploads\/2024\/10\/AJ-jumti-15.jpg\" data-width=\"1200\" data-height=\"900\" aria-label=\"\" role=\"img\" ><\/div>\n\t\t\t\t\t\t\t\t\t\t\t<div class=\"elementor-gallery-item__overlay\"><\/div>\n\t\t\t\t\t\t\t\t\t\t\t\t\t\t<\/a>\n\t\t\t\t\t\t\t<a class=\"e-gallery-item elementor-gallery-item elementor-animated-content\" href=\"https:\/\/www.akmensjumti.lv\/wp-content\/uploads\/2024\/10\/AJ-jumti-18.jpg\" data-elementor-open-lightbox=\"yes\" data-elementor-lightbox-slideshow=\"6f02274\" data-elementor-lightbox-title=\"AJ-jumti-18\" data-e-action-hash=\"#elementor-action%3Aaction%3Dlightbox%26settings%3DeyJpZCI6NzgyLCJ1cmwiOiJodHRwczpcL1wvd3d3LmFrbWVuc2p1bXRpLmx2XC93cC1jb250ZW50XC91cGxvYWRzXC8yMDI0XC8xMFwvQUotanVtdGktMTguanBnIiwic2xpZGVzaG93IjoiNmYwMjI3NCJ9\">\n\t\t\t\t\t<div class=\"e-gallery-image elementor-gallery-item__image\" data-thumbnail=\"https:\/\/www.akmensjumti.lv\/wp-content\/uploads\/2024\/10\/AJ-jumti-18.jpg\" data-width=\"1201\" data-height=\"900\" aria-label=\"\" role=\"img\" ><\/div>\n\t\t\t\t\t\t\t\t\t\t\t<div class=\"elementor-gallery-item__overlay\"><\/div>\n\t\t\t\t\t\t\t\t\t\t\t\t\t\t<\/a>\n\t\t\t\t\t\t\t<a class=\"e-gallery-item elementor-gallery-item elementor-animated-content\" href=\"https:\/\/www.akmensjumti.lv\/wp-content\/uploads\/2024\/10\/AJ-jumti-9.jpg\" data-elementor-open-lightbox=\"yes\" data-elementor-lightbox-slideshow=\"6f02274\" data-elementor-lightbox-title=\"AJ-jumti-9\" data-e-action-hash=\"#elementor-action%3Aaction%3Dlightbox%26settings%3DeyJpZCI6NzczLCJ1cmwiOiJodHRwczpcL1wvd3d3LmFrbWVuc2p1bXRpLmx2XC93cC1jb250ZW50XC91cGxvYWRzXC8yMDI0XC8xMFwvQUotanVtdGktOS5qcGciLCJzbGlkZXNob3ciOiI2ZjAyMjc0In0%3D\">\n\t\t\t\t\t<div class=\"e-gallery-image elementor-gallery-item__image\" data-thumbnail=\"https:\/\/www.akmensjumti.lv\/wp-content\/uploads\/2024\/10\/AJ-jumti-9.jpg\" data-width=\"1200\" data-height=\"900\" aria-label=\"\" role=\"img\" ><\/div>\n\t\t\t\t\t\t\t\t\t\t\t<div class=\"elementor-gallery-item__overlay\"><\/div>\n\t\t\t\t\t\t\t\t\t\t\t\t\t\t<\/a>\n\t\t\t\t\t\t\t<a class=\"e-gallery-item elementor-gallery-item elementor-animated-content\" href=\"https:\/\/www.akmensjumti.lv\/wp-content\/uploads\/2024\/10\/AJ-jumti-8.jpg\" data-elementor-open-lightbox=\"yes\" data-elementor-lightbox-slideshow=\"6f02274\" data-elementor-lightbox-title=\"AJ-jumti-8\" data-e-action-hash=\"#elementor-action%3Aaction%3Dlightbox%26settings%3DeyJpZCI6NzcyLCJ1cmwiOiJodHRwczpcL1wvd3d3LmFrbWVuc2p1bXRpLmx2XC93cC1jb250ZW50XC91cGxvYWRzXC8yMDI0XC8xMFwvQUotanVtdGktOC5qcGciLCJzbGlkZXNob3ciOiI2ZjAyMjc0In0%3D\">\n\t\t\t\t\t<div class=\"e-gallery-image elementor-gallery-item__image\" data-thumbnail=\"https:\/\/www.akmensjumti.lv\/wp-content\/uploads\/2024\/10\/AJ-jumti-8.jpg\" data-width=\"1200\" data-height=\"900\" aria-label=\"\" role=\"img\" ><\/div>\n\t\t\t\t\t\t\t\t\t\t\t<div class=\"elementor-gallery-item__overlay\"><\/div>\n\t\t\t\t\t\t\t\t\t\t\t\t\t\t<\/a>\n\t\t\t\t\t\t\t<a class=\"e-gallery-item elementor-gallery-item elementor-animated-content\" href=\"https:\/\/www.akmensjumti.lv\/wp-content\/uploads\/2024\/10\/AJ-jumti-7.jpg\" data-elementor-open-lightbox=\"yes\" data-elementor-lightbox-slideshow=\"6f02274\" data-elementor-lightbox-title=\"AJ-jumti-7\" data-e-action-hash=\"#elementor-action%3Aaction%3Dlightbox%26settings%3DeyJpZCI6NzcxLCJ1cmwiOiJodHRwczpcL1wvd3d3LmFrbWVuc2p1bXRpLmx2XC93cC1jb250ZW50XC91cGxvYWRzXC8yMDI0XC8xMFwvQUotanVtdGktNy5qcGciLCJzbGlkZXNob3ciOiI2ZjAyMjc0In0%3D\">\n\t\t\t\t\t<div class=\"e-gallery-image elementor-gallery-item__image\" data-thumbnail=\"https:\/\/www.akmensjumti.lv\/wp-content\/uploads\/2024\/10\/AJ-jumti-7.jpg\" data-width=\"1200\" data-height=\"900\" aria-label=\"\" role=\"img\" ><\/div>\n\t\t\t\t\t\t\t\t\t\t\t<div class=\"elementor-gallery-item__overlay\"><\/div>\n\t\t\t\t\t\t\t\t\t\t\t\t\t\t<\/a>\n\t\t\t\t\t\t\t<a class=\"e-gallery-item elementor-gallery-item elementor-animated-content\" href=\"https:\/\/www.akmensjumti.lv\/wp-content\/uploads\/2024\/10\/AJ-jumti-6.jpg\" data-elementor-open-lightbox=\"yes\" data-elementor-lightbox-slideshow=\"6f02274\" data-elementor-lightbox-title=\"AJ-jumti-6\" data-e-action-hash=\"#elementor-action%3Aaction%3Dlightbox%26settings%3DeyJpZCI6NzcwLCJ1cmwiOiJodHRwczpcL1wvd3d3LmFrbWVuc2p1bXRpLmx2XC93cC1jb250ZW50XC91cGxvYWRzXC8yMDI0XC8xMFwvQUotanVtdGktNi5qcGciLCJzbGlkZXNob3ciOiI2ZjAyMjc0In0%3D\">\n\t\t\t\t\t<div class=\"e-gallery-image elementor-gallery-item__image\" data-thumbnail=\"https:\/\/www.akmensjumti.lv\/wp-content\/uploads\/2024\/10\/AJ-jumti-6.jpg\" data-width=\"1200\" data-height=\"900\" aria-label=\"\" role=\"img\" ><\/div>\n\t\t\t\t\t\t\t\t\t\t\t<div class=\"elementor-gallery-item__overlay\"><\/div>\n\t\t\t\t\t\t\t\t\t\t\t\t\t\t<\/a>\n\t\t\t\t\t\t\t<a class=\"e-gallery-item elementor-gallery-item elementor-animated-content\" href=\"https:\/\/www.akmensjumti.lv\/wp-content\/uploads\/2024\/10\/AJ-jumti-5.jpg\" data-elementor-open-lightbox=\"yes\" data-elementor-lightbox-slideshow=\"6f02274\" data-elementor-lightbox-title=\"AJ-jumti-5\" data-e-action-hash=\"#elementor-action%3Aaction%3Dlightbox%26settings%3DeyJpZCI6NzY5LCJ1cmwiOiJodHRwczpcL1wvd3d3LmFrbWVuc2p1bXRpLmx2XC93cC1jb250ZW50XC91cGxvYWRzXC8yMDI0XC8xMFwvQUotanVtdGktNS5qcGciLCJzbGlkZXNob3ciOiI2ZjAyMjc0In0%3D\">\n\t\t\t\t\t<div class=\"e-gallery-image elementor-gallery-item__image\" data-thumbnail=\"https:\/\/www.akmensjumti.lv\/wp-content\/uploads\/2024\/10\/AJ-jumti-5.jpg\" data-width=\"1201\" data-height=\"900\" aria-label=\"\" role=\"img\" ><\/div>\n\t\t\t\t\t\t\t\t\t\t\t<div class=\"elementor-gallery-item__overlay\"><\/div>\n\t\t\t\t\t\t\t\t\t\t\t\t\t\t<\/a>\n\t\t\t\t\t\t\t<a class=\"e-gallery-item elementor-gallery-item elementor-animated-content\" href=\"https:\/\/www.akmensjumti.lv\/wp-content\/uploads\/2024\/10\/AJ-jumti-3.png\" data-elementor-open-lightbox=\"yes\" data-elementor-lightbox-slideshow=\"6f02274\" data-elementor-lightbox-title=\"AJ-jumti-3\" data-e-action-hash=\"#elementor-action%3Aaction%3Dlightbox%26settings%3DeyJpZCI6NzY3LCJ1cmwiOiJodHRwczpcL1wvd3d3LmFrbWVuc2p1bXRpLmx2XC93cC1jb250ZW50XC91cGxvYWRzXC8yMDI0XC8xMFwvQUotanVtdGktMy5wbmciLCJzbGlkZXNob3ciOiI2ZjAyMjc0In0%3D\">\n\t\t\t\t\t<div class=\"e-gallery-image elementor-gallery-item__image\" data-thumbnail=\"https:\/\/www.akmensjumti.lv\/wp-content\/uploads\/2024\/10\/AJ-jumti-3.png\" data-width=\"1200\" data-height=\"900\" aria-label=\"\" role=\"img\" ><\/div>\n\t\t\t\t\t\t\t\t\t\t\t<div class=\"elementor-gallery-item__overlay\"><\/div>\n\t\t\t\t\t\t\t\t\t\t\t\t\t\t<\/a>\n\t\t\t\t\t\t\t<a class=\"e-gallery-item elementor-gallery-item elementor-animated-content\" href=\"https:\/\/www.akmensjumti.lv\/wp-content\/uploads\/2024\/10\/AJ-jumti-23.jpg\" data-elementor-open-lightbox=\"yes\" data-elementor-lightbox-slideshow=\"6f02274\" data-elementor-lightbox-title=\"AJ-jumti-23\" data-e-action-hash=\"#elementor-action%3Aaction%3Dlightbox%26settings%3DeyJpZCI6Nzg3LCJ1cmwiOiJodHRwczpcL1wvd3d3LmFrbWVuc2p1bXRpLmx2XC93cC1jb250ZW50XC91cGxvYWRzXC8yMDI0XC8xMFwvQUotanVtdGktMjMuanBnIiwic2xpZGVzaG93IjoiNmYwMjI3NCJ9\">\n\t\t\t\t\t<div class=\"e-gallery-image elementor-gallery-item__image\" data-thumbnail=\"https:\/\/www.akmensjumti.lv\/wp-content\/uploads\/2024\/10\/AJ-jumti-23.jpg\" data-width=\"1200\" data-height=\"900\" aria-label=\"\" role=\"img\" ><\/div>\n\t\t\t\t\t\t\t\t\t\t\t<div class=\"elementor-gallery-item__overlay\"><\/div>\n\t\t\t\t\t\t\t\t\t\t\t\t\t\t<\/a>\n\t\t\t\t\t\t\t<a class=\"e-gallery-item elementor-gallery-item elementor-animated-content\" href=\"https:\/\/www.akmensjumti.lv\/wp-content\/uploads\/2024\/10\/AJ-jumti-4.jpg\" data-elementor-open-lightbox=\"yes\" data-elementor-lightbox-slideshow=\"6f02274\" data-elementor-lightbox-title=\"AJ-jumti-4\" data-e-action-hash=\"#elementor-action%3Aaction%3Dlightbox%26settings%3DeyJpZCI6NzY4LCJ1cmwiOiJodHRwczpcL1wvd3d3LmFrbWVuc2p1bXRpLmx2XC93cC1jb250ZW50XC91cGxvYWRzXC8yMDI0XC8xMFwvQUotanVtdGktNC5qcGciLCJzbGlkZXNob3ciOiI2ZjAyMjc0In0%3D\">\n\t\t\t\t\t<div class=\"e-gallery-image elementor-gallery-item__image\" data-thumbnail=\"https:\/\/www.akmensjumti.lv\/wp-content\/uploads\/2024\/10\/AJ-jumti-4.jpg\" data-width=\"1200\" data-height=\"900\" aria-label=\"\" role=\"img\" ><\/div>\n\t\t\t\t\t\t\t\t\t\t\t<div class=\"elementor-gallery-item__overlay\"><\/div>\n\t\t\t\t\t\t\t\t\t\t\t\t\t\t<\/a>\n\t\t\t\t\t<\/div>\n\t\t\t\t\t<\/div>\n\t\t\t\t<\/div>\n\t\t\t\t<\/div>\n\t\t\t\t<\/div>","protected":false},"excerpt":{"rendered":"<p>Sl\u0101neklis jumtiem Sl\u0101neklis ir metamorfais iezis, kas vair\u0101ku simtu milionu gadu laik\u0101 ir izveidojies augstas temperat\u016bras un spiediena rezult\u0101t\u0101 zemes dz\u012bl\u0113s atsevi\u0161\u0137\u0101s viet\u0101s uz m\u016bsu plan\u0113tas. T\u0101 veido\u0161an\u0101s process, laiks, apst\u0101k\u013ci, s\u0101kotn\u0113jais sast\u0101vs un citi faktori nosaka sl\u0101nek\u013ca atbilst\u012bbu un kvalit\u0101ti, k\u0101 ar\u012b iesp\u0113jas to izmantot jumtu segumiem vai fas\u0101d\u0113m. Sl\u0101nek\u013ca galvenais un sen\u0101kais pielietojums [&hellip;]<\/p>","protected":false},"author":1,"featured_media":0,"parent":0,"menu_order":0,"comment_status":"closed","ping_status":"closed","template":"","meta":{"footnotes":""},"class_list":["post-222","page","type-page","status-publish","hentry"],"yoast_head":"<!-- This site is optimized with the Yoast SEO plugin v27.1.1 - https:\/\/yoast.com\/product\/yoast-seo-wordpress\/ -->\n<title>Sl\u0101neklis jumtiem - Akmens Jumti<\/title>\n<meta name=\"robots\" content=\"index, follow, max-snippet:-1, max-image-preview:large, max-video-preview:-1\" \/>\n<link rel=\"canonical\" href=\"https:\/\/www.akmensjumti.lv\/ru\/slaneklis-jumtiem\/\" \/>\n<meta property=\"og:locale\" content=\"ru_RU\" \/>\n<meta property=\"og:type\" content=\"article\" \/>\n<meta property=\"og:title\" content=\"Sl\u0101neklis jumtiem - Akmens Jumti\" \/>\n<meta property=\"og:description\" content=\"Sl\u0101neklis jumtiem Sl\u0101neklis ir metamorfais iezis, kas vair\u0101ku simtu milionu gadu laik\u0101 ir izveidojies augstas temperat\u016bras un spiediena rezult\u0101t\u0101 zemes dz\u012bl\u0113s atsevi\u0161\u0137\u0101s viet\u0101s uz m\u016bsu plan\u0113tas. T\u0101 veido\u0161an\u0101s process, laiks, apst\u0101k\u013ci, s\u0101kotn\u0113jais sast\u0101vs un citi faktori nosaka sl\u0101nek\u013ca atbilst\u012bbu un kvalit\u0101ti, k\u0101 ar\u012b iesp\u0113jas to izmantot jumtu segumiem vai fas\u0101d\u0113m. Sl\u0101nek\u013ca galvenais un sen\u0101kais pielietojums [&hellip;]\" \/>\n<meta property=\"og:url\" content=\"https:\/\/www.akmensjumti.lv\/ru\/slaneklis-jumtiem\/\" \/>\n<meta property=\"og:site_name\" content=\"Akmens Jumti\" \/>\n<meta property=\"article:modified_time\" content=\"2024-10-03T14:14:03+00:00\" \/>\n<meta name=\"twitter:card\" content=\"summary_large_image\" \/>\n<meta name=\"twitter:label1\" content=\"\u041f\u0440\u0438\u043c\u0435\u0440\u043d\u043e\u0435 \u0432\u0440\u0435\u043c\u044f \u0434\u043b\u044f \u0447\u0442\u0435\u043d\u0438\u044f\" \/>\n\t<meta name=\"twitter:data1\" content=\"1 \u043c\u0438\u043d\u0443\u0442\u0430\" \/>\n<script type=\"application\/ld+json\" class=\"yoast-schema-graph\">{\"@context\":\"https:\/\/schema.org\",\"@graph\":[{\"@type\":\"WebPage\",\"@id\":\"https:\/\/www.akmensjumti.lv\/ru\/slaneklis-jumtiem\/\",\"url\":\"https:\/\/www.akmensjumti.lv\/ru\/slaneklis-jumtiem\/\",\"name\":\"Sl\u0101neklis jumtiem - Akmens Jumti\",\"isPartOf\":{\"@id\":\"https:\/\/www.akmensjumti.lv\/ru\/#website\"},\"datePublished\":\"2024-09-30T15:44:59+00:00\",\"dateModified\":\"2024-10-03T14:14:03+00:00\",\"breadcrumb\":{\"@id\":\"https:\/\/www.akmensjumti.lv\/ru\/slaneklis-jumtiem\/#breadcrumb\"},\"inLanguage\":\"ru-RU\",\"potentialAction\":[{\"@type\":\"ReadAction\",\"target\":[\"https:\/\/www.akmensjumti.lv\/ru\/slaneklis-jumtiem\/\"]}]},{\"@type\":\"BreadcrumbList\",\"@id\":\"https:\/\/www.akmensjumti.lv\/ru\/slaneklis-jumtiem\/#breadcrumb\",\"itemListElement\":[{\"@type\":\"ListItem\",\"position\":1,\"name\":\"Home\",\"item\":\"https:\/\/www.akmensjumti.lv\/\"},{\"@type\":\"ListItem\",\"position\":2,\"name\":\"Sl\u0101neklis jumtiem\"}]},{\"@type\":\"WebSite\",\"@id\":\"https:\/\/www.akmensjumti.lv\/ru\/#website\",\"url\":\"https:\/\/www.akmensjumti.lv\/ru\/\",\"name\":\"Akmens Jumti\",\"description\":\"Pla\u0161\u0101kais sl\u0101nek\u013ca asortiments Latvij\u0101!\",\"publisher\":{\"@id\":\"https:\/\/www.akmensjumti.lv\/ru\/#organization\"},\"potentialAction\":[{\"@type\":\"SearchAction\",\"target\":{\"@type\":\"EntryPoint\",\"urlTemplate\":\"https:\/\/www.akmensjumti.lv\/ru\/?s={search_term_string}\"},\"query-input\":{\"@type\":\"PropertyValueSpecification\",\"valueRequired\":true,\"valueName\":\"search_term_string\"}}],\"inLanguage\":\"ru-RU\"},{\"@type\":\"Organization\",\"@id\":\"https:\/\/www.akmensjumti.lv\/ru\/#organization\",\"name\":\"Akmens Jumti\",\"url\":\"https:\/\/www.akmensjumti.lv\/ru\/\",\"logo\":{\"@type\":\"ImageObject\",\"inLanguage\":\"ru-RU\",\"@id\":\"https:\/\/www.akmensjumti.lv\/ru\/#\/schema\/logo\/image\/\",\"url\":\"https:\/\/www.akmensjumti.lv\/wp-content\/uploads\/2024\/08\/logo-350x100-1.png\",\"contentUrl\":\"https:\/\/www.akmensjumti.lv\/wp-content\/uploads\/2024\/08\/logo-350x100-1.png\",\"width\":135,\"height\":86,\"caption\":\"Akmens Jumti\"},\"image\":{\"@id\":\"https:\/\/www.akmensjumti.lv\/ru\/#\/schema\/logo\/image\/\"}}]}<\/script>\n<!-- \/ Yoast SEO plugin. -->","yoast_head_json":{"title":"Sl\u0101neklis jumtiem - Akmens Jumti","robots":{"index":"index","follow":"follow","max-snippet":"max-snippet:-1","max-image-preview":"max-image-preview:large","max-video-preview":"max-video-preview:-1"},"canonical":"https:\/\/www.akmensjumti.lv\/ru\/slaneklis-jumtiem\/","og_locale":"ru_RU","og_type":"article","og_title":"Sl\u0101neklis jumtiem - Akmens Jumti","og_description":"Sl\u0101neklis jumtiem Sl\u0101neklis ir metamorfais iezis, kas vair\u0101ku simtu milionu gadu laik\u0101 ir izveidojies augstas temperat\u016bras un spiediena rezult\u0101t\u0101 zemes dz\u012bl\u0113s atsevi\u0161\u0137\u0101s viet\u0101s uz m\u016bsu plan\u0113tas. T\u0101 veido\u0161an\u0101s process, laiks, apst\u0101k\u013ci, s\u0101kotn\u0113jais sast\u0101vs un citi faktori nosaka sl\u0101nek\u013ca atbilst\u012bbu un kvalit\u0101ti, k\u0101 ar\u012b iesp\u0113jas to izmantot jumtu segumiem vai fas\u0101d\u0113m. Sl\u0101nek\u013ca galvenais un sen\u0101kais pielietojums [&hellip;]","og_url":"https:\/\/www.akmensjumti.lv\/ru\/slaneklis-jumtiem\/","og_site_name":"Akmens Jumti","article_modified_time":"2024-10-03T14:14:03+00:00","twitter_card":"summary_large_image","twitter_misc":{"\u041f\u0440\u0438\u043c\u0435\u0440\u043d\u043e\u0435 \u0432\u0440\u0435\u043c\u044f \u0434\u043b\u044f \u0447\u0442\u0435\u043d\u0438\u044f":"1 \u043c\u0438\u043d\u0443\u0442\u0430"},"schema":{"@context":"https:\/\/schema.org","@graph":[{"@type":"WebPage","@id":"https:\/\/www.akmensjumti.lv\/ru\/slaneklis-jumtiem\/","url":"https:\/\/www.akmensjumti.lv\/ru\/slaneklis-jumtiem\/","name":"Sl\u0101neklis jumtiem - Akmens Jumti","isPartOf":{"@id":"https:\/\/www.akmensjumti.lv\/ru\/#website"},"datePublished":"2024-09-30T15:44:59+00:00","dateModified":"2024-10-03T14:14:03+00:00","breadcrumb":{"@id":"https:\/\/www.akmensjumti.lv\/ru\/slaneklis-jumtiem\/#breadcrumb"},"inLanguage":"ru-RU","potentialAction":[{"@type":"ReadAction","target":["https:\/\/www.akmensjumti.lv\/ru\/slaneklis-jumtiem\/"]}]},{"@type":"BreadcrumbList","@id":"https:\/\/www.akmensjumti.lv\/ru\/slaneklis-jumtiem\/#breadcrumb","itemListElement":[{"@type":"ListItem","position":1,"name":"Home","item":"https:\/\/www.akmensjumti.lv\/"},{"@type":"ListItem","position":2,"name":"Sl\u0101neklis jumtiem"}]},{"@type":"WebSite","@id":"https:\/\/www.akmensjumti.lv\/ru\/#website","url":"https:\/\/www.akmensjumti.lv\/ru\/","name":"Akmens Jumti","description":"Pla\u0161\u0101kais sl\u0101nek\u013ca asortiments Latvij\u0101!","publisher":{"@id":"https:\/\/www.akmensjumti.lv\/ru\/#organization"},"potentialAction":[{"@type":"SearchAction","target":{"@type":"EntryPoint","urlTemplate":"https:\/\/www.akmensjumti.lv\/ru\/?s={search_term_string}"},"query-input":{"@type":"PropertyValueSpecification","valueRequired":true,"valueName":"search_term_string"}}],"inLanguage":"ru-RU"},{"@type":"Organization","@id":"https:\/\/www.akmensjumti.lv\/ru\/#organization","name":"Akmens Jumti","url":"https:\/\/www.akmensjumti.lv\/ru\/","logo":{"@type":"ImageObject","inLanguage":"ru-RU","@id":"https:\/\/www.akmensjumti.lv\/ru\/#\/schema\/logo\/image\/","url":"https:\/\/www.akmensjumti.lv\/wp-content\/uploads\/2024\/08\/logo-350x100-1.png","contentUrl":"https:\/\/www.akmensjumti.lv\/wp-content\/uploads\/2024\/08\/logo-350x100-1.png","width":135,"height":86,"caption":"Akmens Jumti"},"image":{"@id":"https:\/\/www.akmensjumti.lv\/ru\/#\/schema\/logo\/image\/"}}]}},"_links":{"self":[{"href":"https:\/\/www.akmensjumti.lv\/ru\/wp-json\/wp\/v2\/pages\/222","targetHints":{"allow":["GET"]}}],"collection":[{"href":"https:\/\/www.akmensjumti.lv\/ru\/wp-json\/wp\/v2\/pages"}],"about":[{"href":"https:\/\/www.akmensjumti.lv\/ru\/wp-json\/wp\/v2\/types\/page"}],"author":[{"embeddable":true,"href":"https:\/\/www.akmensjumti.lv\/ru\/wp-json\/wp\/v2\/users\/1"}],"replies":[{"embeddable":true,"href":"https:\/\/www.akmensjumti.lv\/ru\/wp-json\/wp\/v2\/comments?post=222"}],"version-history":[{"count":0,"href":"https:\/\/www.akmensjumti.lv\/ru\/wp-json\/wp\/v2\/pages\/222\/revisions"}],"wp:attachment":[{"href":"https:\/\/www.akmensjumti.lv\/ru\/wp-json\/wp\/v2\/media?parent=222"}],"curies":[{"name":"wp","href":"https:\/\/api.w.org\/{rel}","templated":true}]}}