{"id":257,"date":"2024-09-30T16:00:26","date_gmt":"2024-09-30T16:00:26","guid":{"rendered":"https:\/\/www.akmensjumti.lv\/?page_id=257"},"modified":"2024-10-03T17:14:37","modified_gmt":"2024-10-03T14:14:37","slug":"slaneklis-fasadem","status":"publish","type":"page","link":"https:\/\/www.akmensjumti.lv\/ru\/slaneklis-fasadem\/","title":{"rendered":"Sl\u0101neklis fas\u0101d\u0113m"},"content":{"rendered":"<div data-elementor-type=\"wp-page\" data-elementor-id=\"257\" class=\"elementor elementor-257\" data-elementor-post-type=\"page\">\n\t\t\t\t<div class=\"elementor-element elementor-element-66a2df1 e-flex e-con-boxed e-con e-parent\" data-id=\"66a2df1\" data-element_type=\"container\" data-e-type=\"container\" data-settings=\"{&quot;background_background&quot;:&quot;classic&quot;}\">\n\t\t\t\t\t<div class=\"e-con-inner\">\n\t\t\t\t<div class=\"elementor-element elementor-element-42294d5 elementor-widget elementor-widget-heading\" data-id=\"42294d5\" data-element_type=\"widget\" data-e-type=\"widget\" data-widget_type=\"heading.default\">\n\t\t\t\t<div class=\"elementor-widget-container\">\n\t\t\t\t\t<h1 class=\"elementor-heading-title elementor-size-default\">Sl\u0101neklis fas\u0101d\u0113m<\/h1>\t\t\t\t<\/div>\n\t\t\t\t<\/div>\n\t\t\t\t\t<\/div>\n\t\t\t\t<\/div>\n\t\t<div class=\"elementor-element elementor-element-182a5be e-flex e-con-boxed e-con e-parent\" data-id=\"182a5be\" data-element_type=\"container\" data-e-type=\"container\">\n\t\t\t\t\t<div class=\"e-con-inner\">\n\t\t<div class=\"elementor-element elementor-element-edf8cab e-con-full e-flex e-con e-child\" data-id=\"edf8cab\" data-element_type=\"container\" data-e-type=\"container\">\n\t\t<div class=\"elementor-element elementor-element-4ae7bb7 e-con-full e-flex e-con e-child\" data-id=\"4ae7bb7\" data-element_type=\"container\" data-e-type=\"container\">\n\t\t\t\t<div class=\"elementor-element elementor-element-734a99a elementor-widget elementor-widget-text-editor\" data-id=\"734a99a\" data-element_type=\"widget\" data-e-type=\"widget\" data-widget_type=\"text-editor.default\">\n\t\t\t\t<div class=\"elementor-widget-container\">\n\t\t\t\t\t\t\t\t\t<p>Sl\u0101neklis ir metamorfais iezis, kas vair\u0101ku simtu milionu gadu laik\u0101 ir izveidojies augstas temperat\u016bras un spiediena rezult\u0101t\u0101 zemes dz\u012bl\u0113s atsevi\u0161\u0137\u0101s viet\u0101s uz m\u016bsu plan\u0113tas. T\u0101 veido\u0161an\u0101s process, laiks, apst\u0101k\u013ci, s\u0101kotn\u0113jais sast\u0101vs un citi faktori nosaka sl\u0101nek\u013ca atbilst\u012bbu un kvalit\u0101ti, k\u0101 ar\u012b iesp\u0113jas to izmantot jumtu segumiem vai fas\u0101d\u0113m.<\/p><p>Sl\u0101neklis fas\u0101d\u0113s ticis izmantots jau gadu simtiem, ta\u010du m\u016bsu re\u0123ion\u0101 \u0161is sl\u0101nek\u013ca iekl\u0101\u0161anas veids ieguvis popularit\u0101ti tie\u0161i p\u0113d\u0113j\u0101s desmitgades laik\u0101.<\/p>\t\t\t\t\t\t\t\t<\/div>\n\t\t\t\t<\/div>\n\t\t\t\t<\/div>\n\t\t<div class=\"elementor-element elementor-element-1b16d5a e-con-full e-flex e-con e-child\" data-id=\"1b16d5a\" data-element_type=\"container\" data-e-type=\"container\">\n\t\t\t\t<div class=\"elementor-element elementor-element-61413f8 elementor-widget elementor-widget-text-editor\" data-id=\"61413f8\" data-element_type=\"widget\" data-e-type=\"widget\" data-widget_type=\"text-editor.default\">\n\t\t\t\t<div class=\"elementor-widget-container\">\n\t\t\t\t\t\t\t\t\t<p>Dizaina daudzveid\u012bba, kas nepiem\u012bt nevienam citam materi\u0101lam, ne tikai dod iesp\u0113ju rad\u012bt unik\u0101lus projektus, bet ar\u012b par vienreiz\u0113jiem padar\u012bt pavisam vienk\u0101r\u0161us un ierastus pl\u0101nojumus.<\/p><p>Sl\u0101neklis ir est\u0113tiski pievilc\u012bgs un \u0101rk\u0101rt\u012bgi funkcion\u0101ls risin\u0101jums fas\u0101dei \u2013 tas neprasa papildus apkopi un saglab\u0101 savu dab\u012bgo izskatu vair\u0101ku gadu desmitu laik\u0101.<\/p>\t\t\t\t\t\t\t\t<\/div>\n\t\t\t\t<\/div>\n\t\t\t\t<\/div>\n\t\t\t\t<\/div>\n\t\t<div class=\"elementor-element elementor-element-5bddada e-con-full e-flex e-con e-child\" data-id=\"5bddada\" data-element_type=\"container\" data-e-type=\"container\">\n\t\t<div class=\"elementor-element elementor-element-a1cce02 e-con-full e-flex e-con e-child\" data-id=\"a1cce02\" data-element_type=\"container\" data-e-type=\"container\">\n\t\t\t\t<div class=\"elementor-element elementor-element-f681861 elementor-widget elementor-widget-text-editor\" data-id=\"f681861\" data-element_type=\"widget\" data-e-type=\"widget\" data-widget_type=\"text-editor.default\">\n\t\t\t\t<div class=\"elementor-widget-container\">\n\t\t\t\t\t\t\t\t\t<p>Labpr\u0101t pal\u012bdz\u0113sim ar padomu Jums atbilsto\u0161\u0101k\u0101 sl\u0101nek\u013ca izv\u0113l\u0113.<\/p>\t\t\t\t\t\t\t\t<\/div>\n\t\t\t\t<\/div>\n\t\t\t\t<div class=\"elementor-element elementor-element-d7d7d10 elementor-align-left elementor-widget-tablet__width-initial elementor-widget elementor-widget-button\" data-id=\"d7d7d10\" data-element_type=\"widget\" data-e-type=\"widget\" data-widget_type=\"button.default\">\n\t\t\t\t<div class=\"elementor-widget-container\">\n\t\t\t\t\t\t\t\t\t<div class=\"elementor-button-wrapper\">\n\t\t\t\t\t<a class=\"elementor-button elementor-button-link elementor-size-sm elementor-animation-bounce-in\" href=\"https:\/\/www.akmensjumti.lv\/ru\/kontakti\/\">\n\t\t\t\t\t\t<span class=\"elementor-button-content-wrapper\">\n\t\t\t\t\t\t\t\t\t<span class=\"elementor-button-text\">\u0421\u0432\u044f\u0436\u0438\u0442\u0435\u0441\u044c \u0441 \u043d\u0430\u043c\u0438!<\/span>\n\t\t\t\t\t<\/span>\n\t\t\t\t\t<\/a>\n\t\t\t\t<\/div>\n\t\t\t\t\t\t\t\t<\/div>\n\t\t\t\t<\/div>\n\t\t\t\t<\/div>\n\t\t\t\t<\/div>\n\t\t\t\t\t<\/div>\n\t\t\t\t<\/div>\n\t\t<div class=\"elementor-element elementor-element-956525d e-con-full e-flex e-con e-parent\" data-id=\"956525d\" data-element_type=\"container\" data-e-type=\"container\">\n\t\t\t\t<div class=\"elementor-element elementor-element-38250f7 elementor-widget elementor-widget-gallery\" data-id=\"38250f7\" data-element_type=\"widget\" data-e-type=\"widget\" data-settings=\"{&quot;columns&quot;:6,&quot;gap&quot;:{&quot;unit&quot;:&quot;px&quot;,&quot;size&quot;:0,&quot;sizes&quot;:[]},&quot;columns_tablet&quot;:3,&quot;columns_mobile&quot;:2,&quot;gap_tablet&quot;:{&quot;unit&quot;:&quot;px&quot;,&quot;size&quot;:5,&quot;sizes&quot;:[]},&quot;gap_mobile&quot;:{&quot;unit&quot;:&quot;px&quot;,&quot;size&quot;:5,&quot;sizes&quot;:[]},&quot;lazyload&quot;:&quot;yes&quot;,&quot;gallery_layout&quot;:&quot;grid&quot;,&quot;link_to&quot;:&quot;file&quot;,&quot;aspect_ratio&quot;:&quot;3:2&quot;,&quot;overlay_background&quot;:&quot;yes&quot;,&quot;content_hover_animation&quot;:&quot;fade-in&quot;}\" data-widget_type=\"gallery.default\">\n\t\t\t\t<div class=\"elementor-widget-container\">\n\t\t\t\t\t\t\t<div class=\"elementor-gallery__container\">\n\t\t\t\t\t\t\t<a class=\"e-gallery-item elementor-gallery-item elementor-animated-content\" href=\"https:\/\/www.akmensjumti.lv\/wp-content\/uploads\/2024\/10\/AJ-fasades-28.jpg\" data-elementor-open-lightbox=\"yes\" data-elementor-lightbox-slideshow=\"38250f7\" data-elementor-lightbox-title=\"AJ-fasades-28\" data-e-action-hash=\"#elementor-action%3Aaction%3Dlightbox%26settings%3DeyJpZCI6ODE2LCJ1cmwiOiJodHRwczpcL1wvd3d3LmFrbWVuc2p1bXRpLmx2XC93cC1jb250ZW50XC91cGxvYWRzXC8yMDI0XC8xMFwvQUotZmFzYWRlcy0yOC5qcGciLCJzbGlkZXNob3ciOiIzODI1MGY3In0%3D\">\n\t\t\t\t\t<div class=\"e-gallery-image elementor-gallery-item__image\" data-thumbnail=\"https:\/\/www.akmensjumti.lv\/wp-content\/uploads\/2024\/10\/AJ-fasades-28.jpg\" data-width=\"1200\" data-height=\"900\" aria-label=\"\" role=\"img\" ><\/div>\n\t\t\t\t\t\t\t\t\t\t\t<div class=\"elementor-gallery-item__overlay\"><\/div>\n\t\t\t\t\t\t\t\t\t\t\t\t\t\t<\/a>\n\t\t\t\t\t\t\t<a class=\"e-gallery-item elementor-gallery-item elementor-animated-content\" href=\"https:\/\/www.akmensjumti.lv\/wp-content\/uploads\/2024\/10\/AJ-fasades-8.jpg\" data-elementor-open-lightbox=\"yes\" data-elementor-lightbox-slideshow=\"38250f7\" data-elementor-lightbox-title=\"AJ-fasades-8\" data-e-action-hash=\"#elementor-action%3Aaction%3Dlightbox%26settings%3DeyJpZCI6Nzg4LCJ1cmwiOiJodHRwczpcL1wvd3d3LmFrbWVuc2p1bXRpLmx2XC93cC1jb250ZW50XC91cGxvYWRzXC8yMDI0XC8xMFwvQUotZmFzYWRlcy04LmpwZyIsInNsaWRlc2hvdyI6IjM4MjUwZjcifQ%3D%3D\">\n\t\t\t\t\t<div class=\"e-gallery-image elementor-gallery-item__image\" data-thumbnail=\"https:\/\/www.akmensjumti.lv\/wp-content\/uploads\/2024\/10\/AJ-fasades-8.jpg\" data-width=\"900\" data-height=\"1200\" aria-label=\"\" role=\"img\" ><\/div>\n\t\t\t\t\t\t\t\t\t\t\t<div class=\"elementor-gallery-item__overlay\"><\/div>\n\t\t\t\t\t\t\t\t\t\t\t\t\t\t<\/a>\n\t\t\t\t\t\t\t<a class=\"e-gallery-item elementor-gallery-item elementor-animated-content\" href=\"https:\/\/www.akmensjumti.lv\/wp-content\/uploads\/2024\/10\/AJ-fasades-1.jpg\" data-elementor-open-lightbox=\"yes\" data-elementor-lightbox-slideshow=\"38250f7\" data-elementor-lightbox-title=\"AJ-fasades-1\" data-e-action-hash=\"#elementor-action%3Aaction%3Dlightbox%26settings%3DeyJpZCI6Nzg5LCJ1cmwiOiJodHRwczpcL1wvd3d3LmFrbWVuc2p1bXRpLmx2XC93cC1jb250ZW50XC91cGxvYWRzXC8yMDI0XC8xMFwvQUotZmFzYWRlcy0xLmpwZyIsInNsaWRlc2hvdyI6IjM4MjUwZjcifQ%3D%3D\">\n\t\t\t\t\t<div class=\"e-gallery-image elementor-gallery-item__image\" data-thumbnail=\"https:\/\/www.akmensjumti.lv\/wp-content\/uploads\/2024\/10\/AJ-fasades-1.jpg\" data-width=\"1200\" data-height=\"900\" aria-label=\"\" role=\"img\" ><\/div>\n\t\t\t\t\t\t\t\t\t\t\t<div class=\"elementor-gallery-item__overlay\"><\/div>\n\t\t\t\t\t\t\t\t\t\t\t\t\t\t<\/a>\n\t\t\t\t\t\t\t<a class=\"e-gallery-item elementor-gallery-item elementor-animated-content\" href=\"https:\/\/www.akmensjumti.lv\/wp-content\/uploads\/2024\/10\/AJ-fasades-5.jpg\" data-elementor-open-lightbox=\"yes\" data-elementor-lightbox-slideshow=\"38250f7\" data-elementor-lightbox-title=\"AJ-fasades-5\" data-e-action-hash=\"#elementor-action%3Aaction%3Dlightbox%26settings%3DeyJpZCI6NzkzLCJ1cmwiOiJodHRwczpcL1wvd3d3LmFrbWVuc2p1bXRpLmx2XC93cC1jb250ZW50XC91cGxvYWRzXC8yMDI0XC8xMFwvQUotZmFzYWRlcy01LmpwZyIsInNsaWRlc2hvdyI6IjM4MjUwZjcifQ%3D%3D\">\n\t\t\t\t\t<div class=\"e-gallery-image elementor-gallery-item__image\" data-thumbnail=\"https:\/\/www.akmensjumti.lv\/wp-content\/uploads\/2024\/10\/AJ-fasades-5.jpg\" data-width=\"1200\" data-height=\"900\" aria-label=\"\" role=\"img\" ><\/div>\n\t\t\t\t\t\t\t\t\t\t\t<div class=\"elementor-gallery-item__overlay\"><\/div>\n\t\t\t\t\t\t\t\t\t\t\t\t\t\t<\/a>\n\t\t\t\t\t\t\t<a class=\"e-gallery-item elementor-gallery-item elementor-animated-content\" href=\"https:\/\/www.akmensjumti.lv\/wp-content\/uploads\/2024\/10\/AJ-fasades-32.jpg\" data-elementor-open-lightbox=\"yes\" data-elementor-lightbox-slideshow=\"38250f7\" data-elementor-lightbox-title=\"AJ-fasades-32\" data-e-action-hash=\"#elementor-action%3Aaction%3Dlightbox%26settings%3DeyJpZCI6ODEyLCJ1cmwiOiJodHRwczpcL1wvd3d3LmFrbWVuc2p1bXRpLmx2XC93cC1jb250ZW50XC91cGxvYWRzXC8yMDI0XC8xMFwvQUotZmFzYWRlcy0zMi5qcGciLCJzbGlkZXNob3ciOiIzODI1MGY3In0%3D\">\n\t\t\t\t\t<div class=\"e-gallery-image elementor-gallery-item__image\" data-thumbnail=\"https:\/\/www.akmensjumti.lv\/wp-content\/uploads\/2024\/10\/AJ-fasades-32.jpg\" data-width=\"1200\" data-height=\"900\" aria-label=\"\" role=\"img\" ><\/div>\n\t\t\t\t\t\t\t\t\t\t\t<div class=\"elementor-gallery-item__overlay\"><\/div>\n\t\t\t\t\t\t\t\t\t\t\t\t\t\t<\/a>\n\t\t\t\t\t\t\t<a class=\"e-gallery-item elementor-gallery-item elementor-animated-content\" href=\"https:\/\/www.akmensjumti.lv\/wp-content\/uploads\/2024\/10\/AJ-fasades-34.jpg\" data-elementor-open-lightbox=\"yes\" data-elementor-lightbox-slideshow=\"38250f7\" data-elementor-lightbox-title=\"AJ-fasades-34\" data-e-action-hash=\"#elementor-action%3Aaction%3Dlightbox%26settings%3DeyJpZCI6ODIxLCJ1cmwiOiJodHRwczpcL1wvd3d3LmFrbWVuc2p1bXRpLmx2XC93cC1jb250ZW50XC91cGxvYWRzXC8yMDI0XC8xMFwvQUotZmFzYWRlcy0zNC5qcGciLCJzbGlkZXNob3ciOiIzODI1MGY3In0%3D\">\n\t\t\t\t\t<div class=\"e-gallery-image elementor-gallery-item__image\" data-thumbnail=\"https:\/\/www.akmensjumti.lv\/wp-content\/uploads\/2024\/10\/AJ-fasades-34.jpg\" data-width=\"1200\" data-height=\"900\" aria-label=\"\" role=\"img\" ><\/div>\n\t\t\t\t\t\t\t\t\t\t\t<div class=\"elementor-gallery-item__overlay\"><\/div>\n\t\t\t\t\t\t\t\t\t\t\t\t\t\t<\/a>\n\t\t\t\t\t\t\t<a class=\"e-gallery-item elementor-gallery-item elementor-animated-content\" href=\"https:\/\/www.akmensjumti.lv\/wp-content\/uploads\/2024\/10\/AJ-fasades-40.jpg\" data-elementor-open-lightbox=\"yes\" data-elementor-lightbox-slideshow=\"38250f7\" data-elementor-lightbox-title=\"AJ-fasades-40\" data-e-action-hash=\"#elementor-action%3Aaction%3Dlightbox%26settings%3DeyJpZCI6ODI3LCJ1cmwiOiJodHRwczpcL1wvd3d3LmFrbWVuc2p1bXRpLmx2XC93cC1jb250ZW50XC91cGxvYWRzXC8yMDI0XC8xMFwvQUotZmFzYWRlcy00MC5qcGciLCJzbGlkZXNob3ciOiIzODI1MGY3In0%3D\">\n\t\t\t\t\t<div class=\"e-gallery-image elementor-gallery-item__image\" data-thumbnail=\"https:\/\/www.akmensjumti.lv\/wp-content\/uploads\/2024\/10\/AJ-fasades-40.jpg\" data-width=\"900\" data-height=\"900\" aria-label=\"\" role=\"img\" ><\/div>\n\t\t\t\t\t\t\t\t\t\t\t<div class=\"elementor-gallery-item__overlay\"><\/div>\n\t\t\t\t\t\t\t\t\t\t\t\t\t\t<\/a>\n\t\t\t\t\t\t\t<a class=\"e-gallery-item elementor-gallery-item elementor-animated-content\" href=\"https:\/\/www.akmensjumti.lv\/wp-content\/uploads\/2024\/10\/AJ-fasades-39.jpg\" data-elementor-open-lightbox=\"yes\" data-elementor-lightbox-slideshow=\"38250f7\" data-elementor-lightbox-title=\"AJ-fasades-39\" data-e-action-hash=\"#elementor-action%3Aaction%3Dlightbox%26settings%3DeyJpZCI6ODI2LCJ1cmwiOiJodHRwczpcL1wvd3d3LmFrbWVuc2p1bXRpLmx2XC93cC1jb250ZW50XC91cGxvYWRzXC8yMDI0XC8xMFwvQUotZmFzYWRlcy0zOS5qcGciLCJzbGlkZXNob3ciOiIzODI1MGY3In0%3D\">\n\t\t\t\t\t<div class=\"e-gallery-image elementor-gallery-item__image\" data-thumbnail=\"https:\/\/www.akmensjumti.lv\/wp-content\/uploads\/2024\/10\/AJ-fasades-39.jpg\" data-width=\"1200\" data-height=\"900\" aria-label=\"\" role=\"img\" ><\/div>\n\t\t\t\t\t\t\t\t\t\t\t<div class=\"elementor-gallery-item__overlay\"><\/div>\n\t\t\t\t\t\t\t\t\t\t\t\t\t\t<\/a>\n\t\t\t\t\t\t\t<a class=\"e-gallery-item elementor-gallery-item elementor-animated-content\" href=\"https:\/\/www.akmensjumti.lv\/wp-content\/uploads\/2024\/10\/AJ-fasades-29.jpg\" data-elementor-open-lightbox=\"yes\" data-elementor-lightbox-slideshow=\"38250f7\" data-elementor-lightbox-title=\"AJ-fasades-29\" data-e-action-hash=\"#elementor-action%3Aaction%3Dlightbox%26settings%3DeyJpZCI6ODE3LCJ1cmwiOiJodHRwczpcL1wvd3d3LmFrbWVuc2p1bXRpLmx2XC93cC1jb250ZW50XC91cGxvYWRzXC8yMDI0XC8xMFwvQUotZmFzYWRlcy0yOS5qcGciLCJzbGlkZXNob3ciOiIzODI1MGY3In0%3D\">\n\t\t\t\t\t<div class=\"e-gallery-image elementor-gallery-item__image\" data-thumbnail=\"https:\/\/www.akmensjumti.lv\/wp-content\/uploads\/2024\/10\/AJ-fasades-29.jpg\" data-width=\"1200\" data-height=\"900\" aria-label=\"\" role=\"img\" ><\/div>\n\t\t\t\t\t\t\t\t\t\t\t<div class=\"elementor-gallery-item__overlay\"><\/div>\n\t\t\t\t\t\t\t\t\t\t\t\t\t\t<\/a>\n\t\t\t\t\t\t\t<a class=\"e-gallery-item elementor-gallery-item elementor-animated-content\" href=\"https:\/\/www.akmensjumti.lv\/wp-content\/uploads\/2024\/10\/AJ-fasades-22.jpg\" data-elementor-open-lightbox=\"yes\" data-elementor-lightbox-slideshow=\"38250f7\" data-elementor-lightbox-title=\"AJ-fasades-22\" data-e-action-hash=\"#elementor-action%3Aaction%3Dlightbox%26settings%3DeyJpZCI6ODEwLCJ1cmwiOiJodHRwczpcL1wvd3d3LmFrbWVuc2p1bXRpLmx2XC93cC1jb250ZW50XC91cGxvYWRzXC8yMDI0XC8xMFwvQUotZmFzYWRlcy0yMi5qcGciLCJzbGlkZXNob3ciOiIzODI1MGY3In0%3D\">\n\t\t\t\t\t<div class=\"e-gallery-image elementor-gallery-item__image\" data-thumbnail=\"https:\/\/www.akmensjumti.lv\/wp-content\/uploads\/2024\/10\/AJ-fasades-22.jpg\" data-width=\"900\" data-height=\"1200\" aria-label=\"\" role=\"img\" ><\/div>\n\t\t\t\t\t\t\t\t\t\t\t<div class=\"elementor-gallery-item__overlay\"><\/div>\n\t\t\t\t\t\t\t\t\t\t\t\t\t\t<\/a>\n\t\t\t\t\t\t\t<a class=\"e-gallery-item elementor-gallery-item elementor-animated-content\" href=\"https:\/\/www.akmensjumti.lv\/wp-content\/uploads\/2024\/10\/AJ-fasades-30.jpg\" data-elementor-open-lightbox=\"yes\" data-elementor-lightbox-slideshow=\"38250f7\" data-elementor-lightbox-title=\"AJ-fasades-30\" data-e-action-hash=\"#elementor-action%3Aaction%3Dlightbox%26settings%3DeyJpZCI6ODE4LCJ1cmwiOiJodHRwczpcL1wvd3d3LmFrbWVuc2p1bXRpLmx2XC93cC1jb250ZW50XC91cGxvYWRzXC8yMDI0XC8xMFwvQUotZmFzYWRlcy0zMC5qcGciLCJzbGlkZXNob3ciOiIzODI1MGY3In0%3D\">\n\t\t\t\t\t<div class=\"e-gallery-image elementor-gallery-item__image\" data-thumbnail=\"https:\/\/www.akmensjumti.lv\/wp-content\/uploads\/2024\/10\/AJ-fasades-30.jpg\" data-width=\"1200\" data-height=\"900\" aria-label=\"\" role=\"img\" ><\/div>\n\t\t\t\t\t\t\t\t\t\t\t<div class=\"elementor-gallery-item__overlay\"><\/div>\n\t\t\t\t\t\t\t\t\t\t\t\t\t\t<\/a>\n\t\t\t\t\t\t\t<a class=\"e-gallery-item elementor-gallery-item elementor-animated-content\" href=\"https:\/\/www.akmensjumti.lv\/wp-content\/uploads\/2024\/10\/AJ-fasades-42.jpg\" data-elementor-open-lightbox=\"yes\" data-elementor-lightbox-slideshow=\"38250f7\" data-elementor-lightbox-title=\"AJ-fasades-42\" data-e-action-hash=\"#elementor-action%3Aaction%3Dlightbox%26settings%3DeyJpZCI6ODI4LCJ1cmwiOiJodHRwczpcL1wvd3d3LmFrbWVuc2p1bXRpLmx2XC93cC1jb250ZW50XC91cGxvYWRzXC8yMDI0XC8xMFwvQUotZmFzYWRlcy00Mi5qcGciLCJzbGlkZXNob3ciOiIzODI1MGY3In0%3D\">\n\t\t\t\t\t<div class=\"e-gallery-image elementor-gallery-item__image\" data-thumbnail=\"https:\/\/www.akmensjumti.lv\/wp-content\/uploads\/2024\/10\/AJ-fasades-42.jpg\" data-width=\"1200\" data-height=\"900\" aria-label=\"\" role=\"img\" ><\/div>\n\t\t\t\t\t\t\t\t\t\t\t<div class=\"elementor-gallery-item__overlay\"><\/div>\n\t\t\t\t\t\t\t\t\t\t\t\t\t\t<\/a>\n\t\t\t\t\t<\/div>\n\t\t\t\t\t<\/div>\n\t\t\t\t<\/div>\n\t\t\t\t<\/div>\n\t\t\t\t<\/div>","protected":false},"excerpt":{"rendered":"<p>Sl\u0101neklis fas\u0101d\u0113m Sl\u0101neklis ir metamorfais iezis, kas vair\u0101ku simtu milionu gadu laik\u0101 ir izveidojies augstas temperat\u016bras un spiediena rezult\u0101t\u0101 zemes dz\u012bl\u0113s atsevi\u0161\u0137\u0101s viet\u0101s uz m\u016bsu plan\u0113tas. T\u0101 veido\u0161an\u0101s process, laiks, apst\u0101k\u013ci, s\u0101kotn\u0113jais sast\u0101vs un citi faktori nosaka sl\u0101nek\u013ca atbilst\u012bbu un kvalit\u0101ti, k\u0101 ar\u012b iesp\u0113jas to izmantot jumtu segumiem vai fas\u0101d\u0113m. Sl\u0101neklis fas\u0101d\u0113s ticis izmantots jau [&hellip;]<\/p>","protected":false},"author":1,"featured_media":0,"parent":0,"menu_order":0,"comment_status":"closed","ping_status":"closed","template":"","meta":{"footnotes":""},"class_list":["post-257","page","type-page","status-publish","hentry"],"yoast_head":"<!-- This site is optimized with the Yoast SEO plugin v27.1.1 - https:\/\/yoast.com\/product\/yoast-seo-wordpress\/ -->\n<title>Sl\u0101neklis fas\u0101d\u0113m - Akmens Jumti<\/title>\n<meta name=\"robots\" content=\"index, follow, max-snippet:-1, max-image-preview:large, max-video-preview:-1\" \/>\n<link rel=\"canonical\" href=\"https:\/\/www.akmensjumti.lv\/ru\/slaneklis-fasadem\/\" \/>\n<meta property=\"og:locale\" content=\"ru_RU\" \/>\n<meta property=\"og:type\" content=\"article\" \/>\n<meta property=\"og:title\" content=\"Sl\u0101neklis fas\u0101d\u0113m - Akmens Jumti\" \/>\n<meta property=\"og:description\" content=\"Sl\u0101neklis fas\u0101d\u0113m Sl\u0101neklis ir metamorfais iezis, kas vair\u0101ku simtu milionu gadu laik\u0101 ir izveidojies augstas temperat\u016bras un spiediena rezult\u0101t\u0101 zemes dz\u012bl\u0113s atsevi\u0161\u0137\u0101s viet\u0101s uz m\u016bsu plan\u0113tas. T\u0101 veido\u0161an\u0101s process, laiks, apst\u0101k\u013ci, s\u0101kotn\u0113jais sast\u0101vs un citi faktori nosaka sl\u0101nek\u013ca atbilst\u012bbu un kvalit\u0101ti, k\u0101 ar\u012b iesp\u0113jas to izmantot jumtu segumiem vai fas\u0101d\u0113m. Sl\u0101neklis fas\u0101d\u0113s ticis izmantots jau [&hellip;]\" \/>\n<meta property=\"og:url\" content=\"https:\/\/www.akmensjumti.lv\/ru\/slaneklis-fasadem\/\" \/>\n<meta property=\"og:site_name\" content=\"Akmens Jumti\" \/>\n<meta property=\"article:modified_time\" content=\"2024-10-03T14:14:37+00:00\" \/>\n<meta name=\"twitter:card\" content=\"summary_large_image\" \/>\n<meta name=\"twitter:label1\" content=\"\u041f\u0440\u0438\u043c\u0435\u0440\u043d\u043e\u0435 \u0432\u0440\u0435\u043c\u044f \u0434\u043b\u044f \u0447\u0442\u0435\u043d\u0438\u044f\" \/>\n\t<meta name=\"twitter:data1\" content=\"1 \u043c\u0438\u043d\u0443\u0442\u0430\" \/>\n<script type=\"application\/ld+json\" class=\"yoast-schema-graph\">{\"@context\":\"https:\/\/schema.org\",\"@graph\":[{\"@type\":\"WebPage\",\"@id\":\"https:\/\/www.akmensjumti.lv\/ru\/slaneklis-fasadem\/\",\"url\":\"https:\/\/www.akmensjumti.lv\/ru\/slaneklis-fasadem\/\",\"name\":\"Sl\u0101neklis fas\u0101d\u0113m - Akmens Jumti\",\"isPartOf\":{\"@id\":\"https:\/\/www.akmensjumti.lv\/ru\/#website\"},\"datePublished\":\"2024-09-30T16:00:26+00:00\",\"dateModified\":\"2024-10-03T14:14:37+00:00\",\"breadcrumb\":{\"@id\":\"https:\/\/www.akmensjumti.lv\/ru\/slaneklis-fasadem\/#breadcrumb\"},\"inLanguage\":\"ru-RU\",\"potentialAction\":[{\"@type\":\"ReadAction\",\"target\":[\"https:\/\/www.akmensjumti.lv\/ru\/slaneklis-fasadem\/\"]}]},{\"@type\":\"BreadcrumbList\",\"@id\":\"https:\/\/www.akmensjumti.lv\/ru\/slaneklis-fasadem\/#breadcrumb\",\"itemListElement\":[{\"@type\":\"ListItem\",\"position\":1,\"name\":\"Home\",\"item\":\"https:\/\/www.akmensjumti.lv\/\"},{\"@type\":\"ListItem\",\"position\":2,\"name\":\"Sl\u0101neklis fas\u0101d\u0113m\"}]},{\"@type\":\"WebSite\",\"@id\":\"https:\/\/www.akmensjumti.lv\/ru\/#website\",\"url\":\"https:\/\/www.akmensjumti.lv\/ru\/\",\"name\":\"Akmens Jumti\",\"description\":\"Pla\u0161\u0101kais sl\u0101nek\u013ca asortiments Latvij\u0101!\",\"publisher\":{\"@id\":\"https:\/\/www.akmensjumti.lv\/ru\/#organization\"},\"potentialAction\":[{\"@type\":\"SearchAction\",\"target\":{\"@type\":\"EntryPoint\",\"urlTemplate\":\"https:\/\/www.akmensjumti.lv\/ru\/?s={search_term_string}\"},\"query-input\":{\"@type\":\"PropertyValueSpecification\",\"valueRequired\":true,\"valueName\":\"search_term_string\"}}],\"inLanguage\":\"ru-RU\"},{\"@type\":\"Organization\",\"@id\":\"https:\/\/www.akmensjumti.lv\/ru\/#organization\",\"name\":\"Akmens Jumti\",\"url\":\"https:\/\/www.akmensjumti.lv\/ru\/\",\"logo\":{\"@type\":\"ImageObject\",\"inLanguage\":\"ru-RU\",\"@id\":\"https:\/\/www.akmensjumti.lv\/ru\/#\/schema\/logo\/image\/\",\"url\":\"https:\/\/www.akmensjumti.lv\/wp-content\/uploads\/2024\/08\/logo-350x100-1.png\",\"contentUrl\":\"https:\/\/www.akmensjumti.lv\/wp-content\/uploads\/2024\/08\/logo-350x100-1.png\",\"width\":135,\"height\":86,\"caption\":\"Akmens Jumti\"},\"image\":{\"@id\":\"https:\/\/www.akmensjumti.lv\/ru\/#\/schema\/logo\/image\/\"}}]}<\/script>\n<!-- \/ Yoast SEO plugin. -->","yoast_head_json":{"title":"Sl\u0101neklis fas\u0101d\u0113m - Akmens Jumti","robots":{"index":"index","follow":"follow","max-snippet":"max-snippet:-1","max-image-preview":"max-image-preview:large","max-video-preview":"max-video-preview:-1"},"canonical":"https:\/\/www.akmensjumti.lv\/ru\/slaneklis-fasadem\/","og_locale":"ru_RU","og_type":"article","og_title":"Sl\u0101neklis fas\u0101d\u0113m - Akmens Jumti","og_description":"Sl\u0101neklis fas\u0101d\u0113m Sl\u0101neklis ir metamorfais iezis, kas vair\u0101ku simtu milionu gadu laik\u0101 ir izveidojies augstas temperat\u016bras un spiediena rezult\u0101t\u0101 zemes dz\u012bl\u0113s atsevi\u0161\u0137\u0101s viet\u0101s uz m\u016bsu plan\u0113tas. T\u0101 veido\u0161an\u0101s process, laiks, apst\u0101k\u013ci, s\u0101kotn\u0113jais sast\u0101vs un citi faktori nosaka sl\u0101nek\u013ca atbilst\u012bbu un kvalit\u0101ti, k\u0101 ar\u012b iesp\u0113jas to izmantot jumtu segumiem vai fas\u0101d\u0113m. Sl\u0101neklis fas\u0101d\u0113s ticis izmantots jau [&hellip;]","og_url":"https:\/\/www.akmensjumti.lv\/ru\/slaneklis-fasadem\/","og_site_name":"Akmens Jumti","article_modified_time":"2024-10-03T14:14:37+00:00","twitter_card":"summary_large_image","twitter_misc":{"\u041f\u0440\u0438\u043c\u0435\u0440\u043d\u043e\u0435 \u0432\u0440\u0435\u043c\u044f \u0434\u043b\u044f \u0447\u0442\u0435\u043d\u0438\u044f":"1 \u043c\u0438\u043d\u0443\u0442\u0430"},"schema":{"@context":"https:\/\/schema.org","@graph":[{"@type":"WebPage","@id":"https:\/\/www.akmensjumti.lv\/ru\/slaneklis-fasadem\/","url":"https:\/\/www.akmensjumti.lv\/ru\/slaneklis-fasadem\/","name":"Sl\u0101neklis fas\u0101d\u0113m - Akmens Jumti","isPartOf":{"@id":"https:\/\/www.akmensjumti.lv\/ru\/#website"},"datePublished":"2024-09-30T16:00:26+00:00","dateModified":"2024-10-03T14:14:37+00:00","breadcrumb":{"@id":"https:\/\/www.akmensjumti.lv\/ru\/slaneklis-fasadem\/#breadcrumb"},"inLanguage":"ru-RU","potentialAction":[{"@type":"ReadAction","target":["https:\/\/www.akmensjumti.lv\/ru\/slaneklis-fasadem\/"]}]},{"@type":"BreadcrumbList","@id":"https:\/\/www.akmensjumti.lv\/ru\/slaneklis-fasadem\/#breadcrumb","itemListElement":[{"@type":"ListItem","position":1,"name":"Home","item":"https:\/\/www.akmensjumti.lv\/"},{"@type":"ListItem","position":2,"name":"Sl\u0101neklis fas\u0101d\u0113m"}]},{"@type":"WebSite","@id":"https:\/\/www.akmensjumti.lv\/ru\/#website","url":"https:\/\/www.akmensjumti.lv\/ru\/","name":"Akmens Jumti","description":"Pla\u0161\u0101kais sl\u0101nek\u013ca asortiments Latvij\u0101!","publisher":{"@id":"https:\/\/www.akmensjumti.lv\/ru\/#organization"},"potentialAction":[{"@type":"SearchAction","target":{"@type":"EntryPoint","urlTemplate":"https:\/\/www.akmensjumti.lv\/ru\/?s={search_term_string}"},"query-input":{"@type":"PropertyValueSpecification","valueRequired":true,"valueName":"search_term_string"}}],"inLanguage":"ru-RU"},{"@type":"Organization","@id":"https:\/\/www.akmensjumti.lv\/ru\/#organization","name":"Akmens Jumti","url":"https:\/\/www.akmensjumti.lv\/ru\/","logo":{"@type":"ImageObject","inLanguage":"ru-RU","@id":"https:\/\/www.akmensjumti.lv\/ru\/#\/schema\/logo\/image\/","url":"https:\/\/www.akmensjumti.lv\/wp-content\/uploads\/2024\/08\/logo-350x100-1.png","contentUrl":"https:\/\/www.akmensjumti.lv\/wp-content\/uploads\/2024\/08\/logo-350x100-1.png","width":135,"height":86,"caption":"Akmens Jumti"},"image":{"@id":"https:\/\/www.akmensjumti.lv\/ru\/#\/schema\/logo\/image\/"}}]}},"_links":{"self":[{"href":"https:\/\/www.akmensjumti.lv\/ru\/wp-json\/wp\/v2\/pages\/257","targetHints":{"allow":["GET"]}}],"collection":[{"href":"https:\/\/www.akmensjumti.lv\/ru\/wp-json\/wp\/v2\/pages"}],"about":[{"href":"https:\/\/www.akmensjumti.lv\/ru\/wp-json\/wp\/v2\/types\/page"}],"author":[{"embeddable":true,"href":"https:\/\/www.akmensjumti.lv\/ru\/wp-json\/wp\/v2\/users\/1"}],"replies":[{"embeddable":true,"href":"https:\/\/www.akmensjumti.lv\/ru\/wp-json\/wp\/v2\/comments?post=257"}],"version-history":[{"count":0,"href":"https:\/\/www.akmensjumti.lv\/ru\/wp-json\/wp\/v2\/pages\/257\/revisions"}],"wp:attachment":[{"href":"https:\/\/www.akmensjumti.lv\/ru\/wp-json\/wp\/v2\/media?parent=257"}],"curies":[{"name":"wp","href":"https:\/\/api.w.org\/{rel}","templated":true}]}}